{"id":5011,"date":"2018-07-11T19:13:34","date_gmt":"2018-07-11T17:13:34","guid":{"rendered":"https:\/\/www.medjugorjehotelspa.com\/photogallery\/"},"modified":"2018-08-02T15:49:55","modified_gmt":"2018-08-02T13:49:55","slug":"galeria-de-fotos","status":"publish","type":"page","link":"https:\/\/www.medjugorjehotelspa.com\/es\/galeria-de-fotos\/","title":{"rendered":"Galer\u00eda de fotos"},"content":{"rendered":"<section class=\"wpb-content-wrapper\"><p>[vc_row row_type=&#8221;row&#8221; use_row_as_full_screen_section=&#8221;no&#8221; type=&#8221;full_width&#8221; angled_section=&#8221;no&#8221; text_align=&#8221;left&#8221; background_image_as_pattern=&#8221;without_pattern&#8221; css_animation=&#8221;&#8221; bg_type=&#8221;image&#8221; parallax_style=&#8221;vcpb-default&#8221; bg_image_new=&#8221;id^127|url^https:\/\/www.medjugorjehotelspa.com\/wp-content\/uploads\/2016\/11\/hotel-slider-home.jpg|caption^null|alt^null|title^hotel-slider-home|description^null&#8221; bg_image_repeat=&#8221;no-repeat&#8221; parallax_content=&#8221;parallax_content_value&#8221; parallax_content_sense=&#8221;30&#8243; fadeout_row=&#8221;fadeout_row_value&#8221;][vc_column][vc_empty_space height=&#8221;65px&#8221;][vc_row_inner row_type=&#8221;row&#8221; type=&#8221;full_width&#8221; text_align=&#8221;left&#8221; css_animation=&#8221;&#8221;][vc_column_inner width=&#8221;1\/4&#8243;][\/vc_column_inner][vc_column_inner width=&#8221;1\/2&#8243; css=&#8221;.vc_custom_1483625334440{background-color: rgba(255,255,255,0.88) !important;*background-color: rgb(255,255,255) !important;}&#8221;][vc_column_text]<\/p>\n<h1 style=\"text-align: center;\">Galer\u00eda de fotos<\/h1>\n<h2 style=\"text-align: center;\"><em>Galer\u00eda de fotos Medjugorje Hotel &amp; Spa<\/em><\/h2>\n<p>[\/vc_column_text][vc_empty_space][\/vc_column_inner][vc_column_inner width=&#8221;1\/4&#8243;][\/vc_column_inner][\/vc_row_inner][vc_empty_space height=&#8221;65px&#8221;][\/vc_column][\/vc_row][vc_row row_type=&#8221;row&#8221; use_row_as_full_screen_section=&#8221;no&#8221; type=&#8221;full_width&#8221; angled_section=&#8221;no&#8221; text_align=&#8221;left&#8221; background_image_as_pattern=&#8221;without_pattern&#8221; css_animation=&#8221;&#8221;][vc_column][vc_empty_space][\/vc_column][\/vc_row][vc_row row_type=&#8221;row&#8221; use_row_as_full_screen_section=&#8221;no&#8221; type=&#8221;grid&#8221; angled_section=&#8221;no&#8221; text_align=&#8221;left&#8221; background_image_as_pattern=&#8221;without_pattern&#8221; css_animation=&#8221;&#8221;][vc_column][vc_column_text]<\/p>\n<h1 style=\"text-align: center;\">Medjugorje Hotel &amp; Spa<\/h1>\n<p style=\"text-align: center;\">Galer\u00eda de fotos de Medjugorje Hotel &amp; Spa, hotel de 4 estrellas situado en el coraz\u00f3n de Medjugorje<\/p>\n<p>[\/vc_column_text][\/vc_column][\/vc_row][vc_row row_type=&#8221;row&#8221; use_row_as_full_screen_section=&#8221;no&#8221; type=&#8221;full_width&#8221; angled_section=&#8221;no&#8221; text_align=&#8221;left&#8221; background_image_as_pattern=&#8221;without_pattern&#8221; css_animation=&#8221;&#8221;][vc_column][vc_empty_space][\/vc_column][\/vc_row][vc_row row_type=&#8221;row&#8221; use_row_as_full_screen_section=&#8221;yes&#8221; type=&#8221;full_width&#8221; angled_section=&#8221;no&#8221; text_align=&#8221;left&#8221; background_image_as_pattern=&#8221;without_pattern&#8221; css_animation=&#8221;&#8221;][vc_column][vc_row_inner row_type=&#8221;row&#8221; type=&#8221;full_width&#8221; text_align=&#8221;center&#8221; css_animation=&#8221;&#8221;][vc_column_inner css=&#8221;.vc_custom_1481500395637{padding-top: 12px !important;padding-right: 12px !important;padding-bottom: 12px !important;padding-left: 12px !important;background-color: #efefef !important;}&#8221;][vc_column_text]<\/p>\n<h2 style=\"text-align: center;\">Vista exterior, entrada y \u00e1reas comunes<\/h2>\n<p>[\/vc_column_text][\/vc_column_inner][\/vc_row_inner][vc_empty_space][\/vc_column][\/vc_row][vc_row row_type=&#8221;row&#8221; use_row_as_full_screen_section=&#8221;no&#8221; type=&#8221;grid&#8221; angled_section=&#8221;no&#8221; text_align=&#8221;left&#8221; background_image_as_pattern=&#8221;without_pattern&#8221; css_animation=&#8221;&#8221;][vc_column][vc_column_text]<\/p>\n<p style=\"text-align: center;\">PATIO | GRAN ESTACIONAMIENTO | RECEPCI\u00d3N | SAL\u00d3N | LOBBY BAR | JARD\u00cdN INTERNO | GARAJE<\/p>\n<hr \/>\n<p>[\/vc_column_text][vc_empty_space][vc_gallery type=&#8221;image_grid&#8221; images=&#8221;1885,1887,1888,1890,1891,1889,1892,1893,1894,1896,1911,1910,1909,1908&#8243; img_size=&#8221;large&#8221; column_number=&#8221;4&#8243; grayscale=&#8221;no&#8221; images_space=&#8221;gallery_with_space&#8221;][vc_empty_space][\/vc_column][\/vc_row][vc_row row_type=&#8221;row&#8221; use_row_as_full_screen_section=&#8221;no&#8221; type=&#8221;grid&#8221; angled_section=&#8221;no&#8221; text_align=&#8221;left&#8221; background_image_as_pattern=&#8221;without_pattern&#8221; css_animation=&#8221;&#8221;][vc_column][vc_column_text]<\/p>\n<p style=\"text-align: center;\">SAL\u00d3N DE PELUQUER\u00cdA | TIENDA SOUVENIR<\/p>\n<hr \/>\n<p>[\/vc_column_text][vc_empty_space][vc_gallery type=&#8221;image_grid&#8221; images=&#8221;1953,1954,1955,1956,1958,1957&#8243; img_size=&#8221;large&#8221; column_number=&#8221;4&#8243; grayscale=&#8221;no&#8221; images_space=&#8221;gallery_with_space&#8221;][vc_empty_space][\/vc_column][\/vc_row][vc_row row_type=&#8221;row&#8221; use_row_as_full_screen_section=&#8221;no&#8221; type=&#8221;grid&#8221; angled_section=&#8221;no&#8221; text_align=&#8221;left&#8221; background_image_as_pattern=&#8221;without_pattern&#8221; css_animation=&#8221;&#8221;][vc_column][vc_column_text]<\/p>\n<p style=\"text-align: center;\">RESTAURANTE &#8220;PAX&#8221; PARA GRUPOS EN PEREGRINACI\u00d3N<\/p>\n<hr \/>\n<p>[\/vc_column_text][vc_empty_space][vc_gallery type=&#8221;image_grid&#8221; images=&#8221;2033,2031,2030,2029,2032,2028,2027,2026,2025,2024&#8243; img_size=&#8221;large&#8221; column_number=&#8221;4&#8243; grayscale=&#8221;no&#8221; images_space=&#8221;gallery_with_space&#8221;][vc_empty_space][\/vc_column][\/vc_row][vc_row row_type=&#8221;row&#8221; use_row_as_full_screen_section=&#8221;no&#8221; type=&#8221;grid&#8221; angled_section=&#8221;no&#8221; text_align=&#8221;left&#8221; background_image_as_pattern=&#8221;without_pattern&#8221; css_animation=&#8221;&#8221;][vc_column][vc_column_text]<\/p>\n<p style=\"text-align: center;\">CAPILLA &#8220;SAGRADA FAMILIA&#8221;<\/p>\n<hr \/>\n<p>[\/vc_column_text][vc_empty_space][vc_gallery type=&#8221;image_grid&#8221; images=&#8221;2039,2038,2037,2036&#8243; img_size=&#8221;large&#8221; column_number=&#8221;4&#8243; grayscale=&#8221;no&#8221; images_space=&#8221;gallery_with_space&#8221;][vc_empty_space][\/vc_column][\/vc_row][vc_row row_type=&#8221;row&#8221; use_row_as_full_screen_section=&#8221;yes&#8221; type=&#8221;full_width&#8221; angled_section=&#8221;no&#8221; text_align=&#8221;left&#8221; background_image_as_pattern=&#8221;without_pattern&#8221; css_animation=&#8221;&#8221;][vc_column][vc_row_inner row_type=&#8221;row&#8221; type=&#8221;full_width&#8221; text_align=&#8221;center&#8221; css_animation=&#8221;&#8221;][vc_column_inner css=&#8221;.vc_custom_1481500395637{padding-top: 12px !important;padding-right: 12px !important;padding-bottom: 12px !important;padding-left: 12px !important;background-color: #efefef !important;}&#8221;][vc_column_text]<\/p>\n<h2 style=\"text-align: center;\">Habitaciones y\u00a0suites<\/h2>\n<p>[\/vc_column_text][\/vc_column_inner][\/vc_row_inner][vc_empty_space][\/vc_column][\/vc_row][vc_row row_type=&#8221;row&#8221; use_row_as_full_screen_section=&#8221;no&#8221; type=&#8221;grid&#8221; angled_section=&#8221;no&#8221; text_align=&#8221;left&#8221; background_image_as_pattern=&#8221;without_pattern&#8221; css_animation=&#8221;&#8221;][vc_column][vc_column_text]<\/p>\n<p style=\"text-align: center;\">HABITACIONES DOBLES<\/p>\n<hr \/>\n<p>[\/vc_column_text][vc_empty_space][vc_gallery type=&#8221;image_grid&#8221; images=&#8221;1919,1920,1921,1923,1922,1924,1925&#8243; img_size=&#8221;large&#8221; column_number=&#8221;4&#8243; grayscale=&#8221;no&#8221; images_space=&#8221;gallery_with_space&#8221;][vc_empty_space][vc_column_text]<\/p>\n<p style=\"text-align: center;\">SUITES<\/p>\n<hr \/>\n<p>[\/vc_column_text][vc_empty_space][vc_gallery type=&#8221;image_grid&#8221; images=&#8221;1936,1935,1934,1930,1933,1932,1931,1939,1938,1937,1929,1928,1927&#8243; img_size=&#8221;large&#8221; column_number=&#8221;4&#8243; grayscale=&#8221;no&#8221; images_space=&#8221;gallery_with_space&#8221;][vc_empty_space][vc_column_text]<\/p>\n<p style=\"text-align: center;\">HABITACIONES TRIPLES<\/p>\n<hr \/>\n<p>[\/vc_column_text][vc_empty_space][vc_gallery type=&#8221;image_grid&#8221; images=&#8221;1941,1942,1943,1944&#8243; img_size=&#8221;large&#8221; column_number=&#8221;4&#8243; grayscale=&#8221;no&#8221; images_space=&#8221;gallery_with_space&#8221;][vc_empty_space][vc_column_text]<\/p>\n<p style=\"text-align: center;\">HABITACIONES PARA PERSONAS CON DISCAPACIDADES<\/p>\n<hr \/>\n<p>[\/vc_column_text][vc_empty_space][vc_gallery type=&#8221;image_grid&#8221; images=&#8221;1946,1947,1948,1949&#8243; img_size=&#8221;large&#8221; column_number=&#8221;4&#8243; grayscale=&#8221;no&#8221; images_space=&#8221;gallery_with_space&#8221;][vc_empty_space][\/vc_column][\/vc_row][vc_row row_type=&#8221;row&#8221; use_row_as_full_screen_section=&#8221;yes&#8221; type=&#8221;full_width&#8221; angled_section=&#8221;no&#8221; text_align=&#8221;left&#8221; background_image_as_pattern=&#8221;without_pattern&#8221; css_animation=&#8221;&#8221;][vc_column][vc_row_inner row_type=&#8221;row&#8221; type=&#8221;full_width&#8221; text_align=&#8221;center&#8221; css_animation=&#8221;&#8221;][vc_column_inner css=&#8221;.vc_custom_1481500395637{padding-top: 12px !important;padding-right: 12px !important;padding-bottom: 12px !important;padding-left: 12px !important;background-color: #efefef !important;}&#8221;][vc_column_text]<\/p>\n<h2 style=\"text-align: center;\">Centro de bienestar Aqua Spa<\/h2>\n<p>[\/vc_column_text][\/vc_column_inner][\/vc_row_inner][vc_empty_space][\/vc_column][\/vc_row][vc_row row_type=&#8221;row&#8221; use_row_as_full_screen_section=&#8221;no&#8221; type=&#8221;grid&#8221; angled_section=&#8221;no&#8221; text_align=&#8221;left&#8221; background_image_as_pattern=&#8221;without_pattern&#8221; css_animation=&#8221;&#8221;][vc_column][vc_column_text]<\/p>\n<p style=\"text-align: center;\">BA\u00d1ERAS DE HIDROMASAJE | SAUNA | BIOSAUNA | BA\u00d1O TURCO | CUEVA DE SAL | DUCHAS SENSORIALES | FRIGIDARIUM<\/p>\n<hr \/>\n<p>[\/vc_column_text][vc_empty_space][vc_gallery type=&#8221;image_grid&#8221; images=&#8221;2055,2054,2057,2051,2058,2056,2053,2052&#8243; img_size=&#8221;large&#8221; column_number=&#8221;4&#8243; grayscale=&#8221;no&#8221; images_space=&#8221;gallery_with_space&#8221;][vc_empty_space][\/vc_column][\/vc_row][vc_row row_type=&#8221;row&#8221; use_row_as_full_screen_section=&#8221;no&#8221; type=&#8221;grid&#8221; angled_section=&#8221;no&#8221; text_align=&#8221;left&#8221; background_image_as_pattern=&#8221;without_pattern&#8221; css_animation=&#8221;&#8221;][vc_column][vc_column_text]<\/p>\n<p style=\"text-align: center;\">\u00c1REA RELAX | MASAJES Y TRATAMIENTOS EST\u00c9TICOS | GYM<\/p>\n<hr \/>\n<p>[\/vc_column_text][vc_empty_space][vc_gallery type=&#8221;image_grid&#8221; images=&#8221;1979,1967,1972,1998,1970,1993,1961,1982,1992,1976,1975&#8243; img_size=&#8221;large&#8221; column_number=&#8221;4&#8243; grayscale=&#8221;no&#8221; images_space=&#8221;gallery_with_space&#8221;][vc_empty_space][\/vc_column][\/vc_row][vc_row row_type=&#8221;row&#8221; use_row_as_full_screen_section=&#8221;yes&#8221; type=&#8221;full_width&#8221; angled_section=&#8221;no&#8221; text_align=&#8221;left&#8221; background_image_as_pattern=&#8221;without_pattern&#8221; css_animation=&#8221;&#8221;][vc_column][vc_row_inner row_type=&#8221;row&#8221; type=&#8221;full_width&#8221; text_align=&#8221;center&#8221; css_animation=&#8221;&#8221;][vc_column_inner css=&#8221;.vc_custom_1481500395637{padding-top: 12px !important;padding-right: 12px !important;padding-bottom: 12px !important;padding-left: 12px !important;background-color: #efefef !important;}&#8221;][vc_column_text]<\/p>\n<h2 style=\"text-align: center;\">Restaurante Ai Dogi<\/h2>\n<p>[\/vc_column_text][\/vc_column_inner][\/vc_row_inner][vc_empty_space][\/vc_column][\/vc_row][vc_row row_type=&#8221;row&#8221; use_row_as_full_screen_section=&#8221;no&#8221; type=&#8221;grid&#8221; angled_section=&#8221;no&#8221; text_align=&#8221;left&#8221; background_image_as_pattern=&#8221;without_pattern&#8221; css_animation=&#8221;&#8221;][vc_column][vc_column_text]<\/p>\n<p style=\"text-align: center;\">COCINA ABIERTA | RESTAURANTE | PARRILLA | PIZZA<\/p>\n<hr \/>\n<p>[\/vc_column_text][vc_empty_space][vc_gallery type=&#8221;image_grid&#8221; images=&#8221;2009,2005,2011,2010,2008,2012,2007,2006,2004,2003,2002,2001&#8243; img_size=&#8221;large&#8221; column_number=&#8221;4&#8243; grayscale=&#8221;no&#8221; images_space=&#8221;gallery_with_space&#8221;][vc_empty_space][\/vc_column][\/vc_row][vc_row row_type=&#8221;row&#8221; use_row_as_full_screen_section=&#8221;no&#8221; type=&#8221;grid&#8221; angled_section=&#8221;no&#8221; text_align=&#8221;left&#8221; background_image_as_pattern=&#8221;without_pattern&#8221; css_animation=&#8221;&#8221;][vc_column][vc_column_text]<\/p>\n<p style=\"text-align: center;\">DESAYUNO DULCE Y SALADA<\/p>\n<hr \/>\n<p>[\/vc_column_text][vc_empty_space][vc_gallery type=&#8221;image_grid&#8221; images=&#8221;2014,2021,2016,2018,2015,2020,2017,2019&#8243; img_size=&#8221;large&#8221; column_number=&#8221;4&#8243; grayscale=&#8221;no&#8221; images_space=&#8221;gallery_with_space&#8221;][vc_empty_space][\/vc_column][\/vc_row][vc_row row_type=&#8221;row&#8221; use_row_as_full_screen_section=&#8221;no&#8221; type=&#8221;full_width&#8221; angled_section=&#8221;no&#8221; text_align=&#8221;left&#8221; background_image_as_pattern=&#8221;without_pattern&#8221; css_animation=&#8221;&#8221;][vc_column][vc_empty_space][\/vc_column][\/vc_row]<\/p>\n<\/section>","protected":false},"excerpt":{"rendered":"<p>[vc_row row_type=&#8221;row&#8221; use_row_as_full_screen_section=&#8221;no&#8221; type=&#8221;full_width&#8221; angled_section=&#8221;no&#8221; text_align=&#8221;left&#8221; background_image_as_pattern=&#8221;without_pattern&#8221; css_animation=&#8221;&#8221; bg_type=&#8221;image&#8221; parallax_style=&#8221;vcpb-default&#8221; bg_image_new=&#8221;id^127|url^https:\/\/www.medjugorjehotelspa.com\/wp-content\/uploads\/2016\/11\/hotel-slider-home.jpg|caption^null|alt^null|title^hotel-slider-home|description^null&#8221; bg_image_repeat=&#8221;no-repeat&#8221; parallax_content=&#8221;parallax_content_value&#8221; parallax_content_sense=&#8221;30&#8243; fadeout_row=&#8221;fadeout_row_value&#8221;][vc_column][vc_empty_space height=&#8221;65px&#8221;][vc_row_inner row_type=&#8221;row&#8221; type=&#8221;full_width&#8221; text_align=&#8221;left&#8221; css_animation=&#8221;&#8221;][vc_column_inner width=&#8221;1\/4&#8243;][\/vc_column_inner][vc_column_inner width=&#8221;1\/2&#8243; css=&#8221;.vc_custom_1483625334440{background-color: rgba(255,255,255,0.88) !important;*background-color: rgb(255,255,255) !important;}&#8221;][vc_column_text] Galer\u00eda de fotos Galer\u00eda de fotos Medjugorje Hotel &amp; Spa [\/vc_column_text][vc_empty_space][\/vc_column_inner][vc_column_inner width=&#8221;1\/4&#8243;][\/vc_column_inner][\/vc_row_inner][vc_empty_space height=&#8221;65px&#8221;][\/vc_column][\/vc_row][vc_row row_type=&#8221;row&#8221; use_row_as_full_screen_section=&#8221;no&#8221; type=&#8221;full_width&#8221; angled_section=&#8221;no&#8221; text_align=&#8221;left&#8221;&#8230;<\/p>\n","protected":false},"author":7,"featured_media":0,"parent":0,"menu_order":0,"comment_status":"closed","ping_status":"closed","template":"full_width.php","meta":{"footnotes":""},"yoast_head":"<!-- This site is optimized with the Yoast SEO plugin v22.8 - https:\/\/yoast.com\/wordpress\/plugins\/seo\/ -->\n<title>Galer\u00eda de fotos | Medjugorje Hotel &amp; Spa<\/title>\n<meta name=\"description\" content=\"Galleria fotografica di Medjugorje hotel &amp; Spa, hotel 4 stelle superior nel cuore di Medjugorje. Vieni a dare un&#039;occhiata virtuale al nostro hotel!\" \/>\n<meta name=\"robots\" content=\"index, follow, max-snippet:-1, max-image-preview:large, max-video-preview:-1\" \/>\n<link rel=\"canonical\" href=\"https:\/\/www.medjugorjehotelspa.com\/fotogallery\/\" \/>\n<meta property=\"og:locale\" content=\"es_ES\" \/>\n<meta property=\"og:type\" content=\"article\" \/>\n<meta property=\"og:title\" content=\"Galer\u00eda de fotos | Medjugorje Hotel &amp; Spa\" \/>\n<meta property=\"og:description\" content=\"Galleria fotografica di Medjugorje hotel &amp; Spa, hotel 4 stelle superior nel cuore di Medjugorje. Vieni a dare un&#039;occhiata virtuale al nostro hotel!\" \/>\n<meta property=\"og:url\" content=\"https:\/\/www.medjugorjehotelspa.com\/fotogallery\/\" \/>\n<meta property=\"og:site_name\" content=\"Medjugorje Hotel &amp; Spa\" \/>\n<meta property=\"article:modified_time\" content=\"2018-08-02T13:49:55+00:00\" \/>\n<meta name=\"twitter:card\" content=\"summary_large_image\" \/>\n<meta name=\"twitter:label1\" content=\"Est. reading time\" \/>\n\t<meta name=\"twitter:data1\" content=\"7 minutes\" \/>\n<script type=\"application\/ld+json\" class=\"yoast-schema-graph\">{\"@context\":\"https:\/\/schema.org\",\"@graph\":[{\"@type\":\"WebPage\",\"@id\":\"https:\/\/www.medjugorjehotelspa.com\/fotogallery\/\",\"url\":\"https:\/\/www.medjugorjehotelspa.com\/fotogallery\/\",\"name\":\"Galer\u00eda de fotos | Medjugorje Hotel & Spa\",\"isPartOf\":{\"@id\":\"https:\/\/www.medjugorjehotelspa.com\/#website\"},\"datePublished\":\"2018-07-11T17:13:34+00:00\",\"dateModified\":\"2018-08-02T13:49:55+00:00\",\"description\":\"Galleria fotografica di Medjugorje hotel & Spa, hotel 4 stelle superior nel cuore di Medjugorje. Vieni a dare un'occhiata virtuale al nostro hotel!\",\"breadcrumb\":{\"@id\":\"https:\/\/www.medjugorjehotelspa.com\/fotogallery\/#breadcrumb\"},\"inLanguage\":\"es-ES\",\"potentialAction\":[{\"@type\":\"ReadAction\",\"target\":[\"https:\/\/www.medjugorjehotelspa.com\/fotogallery\/\"]}]},{\"@type\":\"BreadcrumbList\",\"@id\":\"https:\/\/www.medjugorjehotelspa.com\/fotogallery\/#breadcrumb\",\"itemListElement\":[{\"@type\":\"ListItem\",\"position\":1,\"name\":\"Home\",\"item\":\"https:\/\/www.medjugorjehotelspa.com\/es\/\"},{\"@type\":\"ListItem\",\"position\":2,\"name\":\"Galer\u00eda de fotos\"}]},{\"@type\":\"WebSite\",\"@id\":\"https:\/\/www.medjugorjehotelspa.com\/#website\",\"url\":\"https:\/\/www.medjugorjehotelspa.com\/\",\"name\":\"Medjugorje Hotel &amp; Spa\",\"description\":\"Hotel 4****S in Medjugorje\",\"potentialAction\":[{\"@type\":\"SearchAction\",\"target\":{\"@type\":\"EntryPoint\",\"urlTemplate\":\"https:\/\/www.medjugorjehotelspa.com\/?s={search_term_string}\"},\"query-input\":\"required name=search_term_string\"}],\"inLanguage\":\"es-ES\"}]}<\/script>\n<!-- \/ Yoast SEO plugin. -->","yoast_head_json":{"title":"Galer\u00eda de fotos | Medjugorje Hotel & Spa","description":"Galleria fotografica di Medjugorje hotel & Spa, hotel 4 stelle superior nel cuore di Medjugorje. Vieni a dare un'occhiata virtuale al nostro hotel!","robots":{"index":"index","follow":"follow","max-snippet":"max-snippet:-1","max-image-preview":"max-image-preview:large","max-video-preview":"max-video-preview:-1"},"canonical":"https:\/\/www.medjugorjehotelspa.com\/fotogallery\/","og_locale":"es_ES","og_type":"article","og_title":"Galer\u00eda de fotos | Medjugorje Hotel & Spa","og_description":"Galleria fotografica di Medjugorje hotel & Spa, hotel 4 stelle superior nel cuore di Medjugorje. Vieni a dare un'occhiata virtuale al nostro hotel!","og_url":"https:\/\/www.medjugorjehotelspa.com\/fotogallery\/","og_site_name":"Medjugorje Hotel &amp; Spa","article_modified_time":"2018-08-02T13:49:55+00:00","twitter_card":"summary_large_image","twitter_misc":{"Est. reading time":"7 minutes"},"schema":{"@context":"https:\/\/schema.org","@graph":[{"@type":"WebPage","@id":"https:\/\/www.medjugorjehotelspa.com\/fotogallery\/","url":"https:\/\/www.medjugorjehotelspa.com\/fotogallery\/","name":"Galer\u00eda de fotos | Medjugorje Hotel & Spa","isPartOf":{"@id":"https:\/\/www.medjugorjehotelspa.com\/#website"},"datePublished":"2018-07-11T17:13:34+00:00","dateModified":"2018-08-02T13:49:55+00:00","description":"Galleria fotografica di Medjugorje hotel & Spa, hotel 4 stelle superior nel cuore di Medjugorje. Vieni a dare un'occhiata virtuale al nostro hotel!","breadcrumb":{"@id":"https:\/\/www.medjugorjehotelspa.com\/fotogallery\/#breadcrumb"},"inLanguage":"es-ES","potentialAction":[{"@type":"ReadAction","target":["https:\/\/www.medjugorjehotelspa.com\/fotogallery\/"]}]},{"@type":"BreadcrumbList","@id":"https:\/\/www.medjugorjehotelspa.com\/fotogallery\/#breadcrumb","itemListElement":[{"@type":"ListItem","position":1,"name":"Home","item":"https:\/\/www.medjugorjehotelspa.com\/es\/"},{"@type":"ListItem","position":2,"name":"Galer\u00eda de fotos"}]},{"@type":"WebSite","@id":"https:\/\/www.medjugorjehotelspa.com\/#website","url":"https:\/\/www.medjugorjehotelspa.com\/","name":"Medjugorje Hotel &amp; Spa","description":"Hotel 4****S in Medjugorje","potentialAction":[{"@type":"SearchAction","target":{"@type":"EntryPoint","urlTemplate":"https:\/\/www.medjugorjehotelspa.com\/?s={search_term_string}"},"query-input":"required name=search_term_string"}],"inLanguage":"es-ES"}]}},"_links":{"self":[{"href":"https:\/\/www.medjugorjehotelspa.com\/es\/wp-json\/wp\/v2\/pages\/5011"}],"collection":[{"href":"https:\/\/www.medjugorjehotelspa.com\/es\/wp-json\/wp\/v2\/pages"}],"about":[{"href":"https:\/\/www.medjugorjehotelspa.com\/es\/wp-json\/wp\/v2\/types\/page"}],"author":[{"embeddable":true,"href":"https:\/\/www.medjugorjehotelspa.com\/es\/wp-json\/wp\/v2\/users\/7"}],"replies":[{"embeddable":true,"href":"https:\/\/www.medjugorjehotelspa.com\/es\/wp-json\/wp\/v2\/comments?post=5011"}],"version-history":[{"count":1,"href":"https:\/\/www.medjugorjehotelspa.com\/es\/wp-json\/wp\/v2\/pages\/5011\/revisions"}],"predecessor-version":[{"id":5254,"href":"https:\/\/www.medjugorjehotelspa.com\/es\/wp-json\/wp\/v2\/pages\/5011\/revisions\/5254"}],"wp:attachment":[{"href":"https:\/\/www.medjugorjehotelspa.com\/es\/wp-json\/wp\/v2\/media?parent=5011"}],"curies":[{"name":"wp","href":"https:\/\/api.w.org\/{rel}","templated":true}]}}