{"id":4869,"date":"2016-12-02T19:44:37","date_gmt":"2016-12-02T18:44:37","guid":{"rendered":"https:\/\/www.medjugorjehotelspa.com\/camere\/"},"modified":"2023-04-03T16:09:55","modified_gmt":"2023-04-03T14:09:55","slug":"nuestras-habitaciones","status":"publish","type":"page","link":"https:\/\/www.medjugorjehotelspa.com\/es\/nuestras-habitaciones\/","title":{"rendered":"Nuestras habitaciones"},"content":{"rendered":"<section class=\"wpb-content-wrapper\"><p>[vc_row row_type=&#8221;row&#8221; use_row_as_full_screen_section=&#8221;no&#8221; type=&#8221;full_width&#8221; angled_section=&#8221;no&#8221; text_align=&#8221;left&#8221; background_image_as_pattern=&#8221;without_pattern&#8221; css_animation=&#8221;&#8221; bg_type=&#8221;image&#8221; parallax_style=&#8221;vcpb-default&#8221; bg_image_new=&#8221;id^472|url^https:\/\/www.medjugorjehotelspa.com\/wp-content\/uploads\/2016\/12\/D8E0082-copy.jpeg|caption^null|alt^null|title^_d8e0082-copy|description^null&#8221; bg_image_repeat=&#8221;no-repeat&#8221; parallax_content=&#8221;parallax_content_value&#8221; parallax_content_sense=&#8221;30&#8243; fadeout_row=&#8221;fadeout_row_value&#8221;][vc_column][vc_empty_space height=&#8221;85px&#8221;][vc_row_inner row_type=&#8221;row&#8221; type=&#8221;full_width&#8221; text_align=&#8221;left&#8221; css_animation=&#8221;&#8221;][vc_column_inner width=&#8221;1\/4&#8243;][\/vc_column_inner][vc_column_inner width=&#8221;1\/2&#8243; css=&#8221;.vc_custom_1480851364495{background-color: rgba(255,255,255,0.88) !important;*background-color: rgb(255,255,255) !important;}&#8221;][vc_column_text]<\/p>\n<h1 style=\"text-align: center;\">Las habitaciones de Medjugorje Hotel &amp; Spa<\/h1>\n<h2 style=\"text-align: center;\"><em>Servicios y confort para su estancia<\/em><\/h2>\n<p>[\/vc_column_text][vc_empty_space][\/vc_column_inner][vc_column_inner width=&#8221;1\/4&#8243;][\/vc_column_inner][\/vc_row_inner][vc_empty_space height=&#8221;85px&#8221;][\/vc_column][\/vc_row][vc_row row_type=&#8221;row&#8221; use_row_as_full_screen_section=&#8221;no&#8221; type=&#8221;full_width&#8221; angled_section=&#8221;no&#8221; text_align=&#8221;left&#8221; background_image_as_pattern=&#8221;without_pattern&#8221; css_animation=&#8221;&#8221;][vc_column][vc_empty_space][\/vc_column][\/vc_row][vc_row row_type=&#8221;row&#8221; use_row_as_full_screen_section=&#8221;no&#8221; type=&#8221;grid&#8221; angled_section=&#8221;no&#8221; text_align=&#8221;left&#8221; background_image_as_pattern=&#8221;without_pattern&#8221; css_animation=&#8221;&#8221;][vc_column width=&#8221;1\/2&#8243;][vc_column_text]<\/p>\n<article>\n<h1>Le presentamos las habitaciones de Medjugorje Hotel &amp; Spa<\/h1>\n<p>&nbsp;<\/p>\n<p><em>Habitaciones dobles, o cama de matrimonio, triples, suites, habitaciones para las personas con discapacidad: servicios y confort para su estancia en Medjugorje y sus viajes a Bosnia y Herzegovina.<\/em><\/p>\n<p>&nbsp;<\/p>\n<p><em><strong>Medjugorje Hotel &amp; Spa<\/strong><\/em> dispone de <strong>99 habitaciones<\/strong> de 25 m\u00b2, 29 m\u00b2 y 50 m\u00b2, luminosas y confortables, con un total de <strong>222 camas<\/strong>. Nuestro hotel es el <strong>lugar ideal<\/strong> para alojarse durante la <strong>peregrinaci\u00f3n<\/strong> o sus<strong> vacaciones en Medjugorje<\/strong>, as\u00ed como para sus viajes a <strong>Bosnia y Herzegovina<\/strong>. Las habitaciones est\u00e1n dise\u00f1adas para <strong>satisfacer las necesidades de todos<\/strong>: individuos, parejas, familias y grupos.<\/p>\n<p>&nbsp;<\/p>\n<section>\n<h2 data-fontsize=\"26\" data-lineheight=\"44\"><\/h2>\n<h2 data-fontsize=\"26\" data-lineheight=\"44\">Disponible en nuestro hotel se encuentra:<\/h2>\n<p>&nbsp;<\/p>\n<ul title=\"Las habitaciones de Medjugorje Hotel &amp; Spa\">\n<li>75 habitaciones dobles (con dos camas individuales o cama de matrimonio)<\/li>\n<li>12 habitaciones triples (con 3 camas individuales)<\/li>\n<li>6 habitaciones dobles para discapacitados (con 2 camas individuales y ba\u00f1o completo)<\/li>\n<li>6 apartamentos (para 4 personas, ideal para la familia)<\/li>\n<\/ul>\n<p>&nbsp;<\/p>\n<\/section>\n<section>\n<h2 data-fontsize=\"26\" data-lineheight=\"44\"><\/h2>\n<h2 data-fontsize=\"26\" data-lineheight=\"44\">Todas las habitaciones est\u00e1n elegantemente amuebladas y equipadas con:<\/h2>\n<p>&nbsp;<\/p>\n<ul title=\"Los servicios de habitaciones de Medjugorje Hotel &amp; Spa\">\n<li><strong>TV LCD<\/strong> con canales v\u00eda sat\u00e9lite<\/li>\n<li><strong>Aire acondicionado<\/strong> con control autom\u00e1tico de refrigeraci\u00f3n y calefacci\u00f3n<\/li>\n<li>Aislamiento ac\u00fastico que asegure la paz y la privacidad<\/li>\n<li>C\u00f3modos colchones ortop\u00e9dicos en redes con listones de madera.<\/li>\n<li><strong>Cuarto de ba\u00f1o<\/strong> con amplia ducha, secador de pelo y art\u00edculos de aseo<\/li>\n<li>Armario<\/li>\n<li>Tel\u00e9fono<\/li>\n<li>Seguro<\/li>\n<li>Wi-Fi gratuito<\/li>\n<\/ul>\n<p>&nbsp;<\/p>\n<p>Adem\u00e1s, nuestros <strong>apartamentos<\/strong> est\u00e1n equipados con una sala de estar con sof\u00e1 cama y un sill\u00f3n de cuero, <strong>balc\u00f3n<\/strong> y una mini nevera. La mayor parte de las otras habitaciones tambi\u00e9n est\u00e1n equipadas con refrigeradores peque\u00f1os.\u00a0Tambi\u00e9n tenemos camas para ni\u00f1os de hasta 2-3 a\u00f1os.<\/p>\n<\/section>\n<\/article>\n<p>[\/vc_column_text][\/vc_column][vc_column width=&#8221;1\/2&#8243;][vc_single_image image=&#8221;3570&#8243; img_size=&#8221;full&#8221; alignment=&#8221;center&#8221; qode_css_animation=&#8221;&#8221;][vc_empty_space][vc_single_image image=&#8221;3390&#8243; img_size=&#8221;full&#8221; alignment=&#8221;center&#8221; qode_css_animation=&#8221;&#8221;][vc_empty_space][vc_single_image image=&#8221;3546&#8243; img_size=&#8221;full&#8221; alignment=&#8221;center&#8221; qode_css_animation=&#8221;&#8221;][vc_empty_space][\/vc_column][\/vc_row][vc_row row_type=&#8221;row&#8221; use_row_as_full_screen_section=&#8221;no&#8221; type=&#8221;full_width&#8221; angled_section=&#8221;no&#8221; text_align=&#8221;left&#8221; background_image_as_pattern=&#8221;without_pattern&#8221; css_animation=&#8221;&#8221;][vc_column][vc_empty_space][\/vc_column][\/vc_row][vc_row row_type=&#8221;row&#8221; use_row_as_full_screen_section=&#8221;no&#8221; type=&#8221;full_width&#8221; angled_section=&#8221;no&#8221; text_align=&#8221;left&#8221; background_image_as_pattern=&#8221;without_pattern&#8221; css_animation=&#8221;&#8221;][vc_column][vc_gallery type=&#8221;flexslider_slide&#8221; interval=&#8221;3&#8243; images=&#8221;3610,3606,3602,3598,3594,3590,3586,3582,3578,3574,3570,3562,3558,3554,3550,3546,3530,3526,3522,3518,3514,3510,3506,3502,3498&#8243; img_size=&#8221;1920&#215;800&#8243; onclick=&#8221;&#8221;][\/vc_column][\/vc_row][vc_row row_type=&#8221;row&#8221; use_row_as_full_screen_section=&#8221;no&#8221; type=&#8221;grid&#8221; angled_section=&#8221;no&#8221; text_align=&#8221;left&#8221; background_image_as_pattern=&#8221;without_pattern&#8221; background_color=&#8221;#e5e5e5&#8243; css_animation=&#8221;&#8221; css=&#8221;.vc_custom_1483619358140{margin-top: -70px !important;}&#8221;][vc_column][vc_empty_space][vc_row_inner row_type=&#8221;row&#8221; type=&#8221;full_width&#8221; text_align=&#8221;center&#8221; css_animation=&#8221;&#8221;][vc_column_inner width=&#8221;1\/4&#8243;]<div class=\"image_with_text\"><img decoding=\"async\" itemprop=\"image\" src=\"https:\/\/www.medjugorjehotelspa.com\/wp-content\/uploads\/2016\/12\/D8E0277-copy.jpeg\" alt=\"Habitaci\u00f3n doble\" \/><h2 style=\"color:#cc8e00;\">Habitaci\u00f3n doble<\/h2><span style=\"margin: 6px 0px;\" class=\"separator transparent\"><\/span>Amplio, luminoso y confortable, con una cama doble o dos camas individuales, ba\u00f1o privado con ducha, aire acondicionado, televisi\u00f3n.<\/div>[vc_empty_space height=&#8221;18px&#8221;]<a  itemprop=\"url\" href=\"https:\/\/www.medjugorjehotelspa.com\/es\/nuestras-habitaciones\/habitacion-doble-matrimonial\/\" target=\"_self\" data-hover-background-color=#cc9c2c data-hover-border-color=#cc9c2c data-hover-color=#ffffff class=\"qbutton  small center default\" style=\"color: #ffffff; border-color: #cbaa5c; background-color: #cbaa5c;\">VER HABITACI\u00d3N<\/a>[vc_empty_space height=&#8221;18px&#8221;][\/vc_column_inner][vc_column_inner width=&#8221;1\/4&#8243;]<div class=\"image_with_text\"><img decoding=\"async\" itemprop=\"image\" src=\"https:\/\/www.medjugorjehotelspa.com\/wp-content\/uploads\/2016\/12\/D8E0160-copy.jpeg\" alt=\"Habitaci\u00f3n triple\" \/><h2 style=\"color:#cc8e00;\">Habitaci\u00f3n triple<\/h2><span style=\"margin: 6px 0px;\" class=\"separator transparent\"><\/span>Habitaci\u00f3n luminosa, amplia y c\u00f3moda con tres camas individuales, ba\u00f1o privado con amplia ducha, aire acondicionado, TV LCD con canales v\u00eda sat\u00e9lite.<\/div>[vc_empty_space height=&#8221;45px&#8221;]<a  itemprop=\"url\" href=\"https:\/\/www.medjugorjehotelspa.com\/es\/nuestras-habitaciones\/habitacion-triple\/\" target=\"_self\" data-hover-background-color=#cc9c2c data-hover-border-color=#cc9c2c data-hover-color=#ffffff class=\"qbutton  small center default\" style=\"color: #ffffff; border-color: #cbaa5c; background-color: #cbaa5c;\">VER HABITACI\u00d3N<\/a>[vc_empty_space height=&#8221;18px&#8221;][\/vc_column_inner][vc_column_inner width=&#8221;1\/4&#8243;]<div class=\"image_with_text\"><img decoding=\"async\" itemprop=\"image\" src=\"https:\/\/www.medjugorjehotelspa.com\/wp-content\/uploads\/2016\/12\/suite-1-03-2.jpg\" alt=\"Suite\" \/><h2 style=\"color:#cc8e00;\">Suite<\/h2><span style=\"margin: 6px 0px;\" class=\"separator transparent\"><\/span>Elegante\u00a0suite con una habitaci\u00f3n doble, sala de estar, ba\u00f1o privado con ducha extra grande, dos televisores, aire acondicionado, balc\u00f3n.<\/div>[vc_empty_space height=&#8221;45px&#8221;]<a  itemprop=\"url\" href=\"https:\/\/www.medjugorjehotelspa.com\/es\/nuestras-habitaciones\/suite\/\" target=\"_self\" data-hover-background-color=#cc9c2c data-hover-border-color=#cc9c2c data-hover-color=#ffffff class=\"qbutton  small center default\" style=\"color: #ffffff; border-color: #cbaa5c; background-color: #cbaa5c;\">VER HABITACI\u00d3N<\/a>[vc_empty_space height=&#8221;18px&#8221;][\/vc_column_inner][vc_column_inner width=&#8221;1\/4&#8243;]<div class=\"image_with_text\"><img decoding=\"async\" itemprop=\"image\" src=\"https:\/\/www.medjugorjehotelspa.com\/wp-content\/uploads\/2016\/12\/D8E0057-copy.jpeg\" alt=\"Habitaci\u00f3n para discapacitados\" \/><h2 style=\"color:#cc8e00;\">Habitaci\u00f3n para discapacitados<\/h2><span style=\"margin: 6px 0px;\" class=\"separator transparent\"><\/span>Habitaci\u00f3n doble, grande y c\u00f3moda, con ba\u00f1o privado para personas de movilidad reducida.<\/div>[vc_empty_space height=&#8221;45px&#8221;]<a  itemprop=\"url\" href=\"https:\/\/www.medjugorjehotelspa.com\/es\/nuestras-habitaciones\/habitacion-para-discapacitados\/\" target=\"_self\" data-hover-background-color=#cc9c2c data-hover-border-color=#cc9c2c data-hover-color=#ffffff class=\"qbutton  small center default\" style=\"color: #ffffff; border-color: #cbaa5c; background-color: #cbaa5c;\">VER HABITACI\u00d3N<\/a>[vc_empty_space height=&#8221;18px&#8221;][\/vc_column_inner][\/vc_row_inner][vc_empty_space][\/vc_column][\/vc_row][vc_row row_type=&#8221;row&#8221; use_row_as_full_screen_section=&#8221;no&#8221; type=&#8221;full_width&#8221; angled_section=&#8221;no&#8221; text_align=&#8221;left&#8221; background_image_as_pattern=&#8221;without_pattern&#8221; css_animation=&#8221;&#8221;][vc_column][vc_column_text]<\/p>\n<p>[\/vc_column_text][\/vc_column][\/vc_row]<\/p>\n<\/section>","protected":false},"excerpt":{"rendered":"<p>[vc_row row_type=&#8221;row&#8221; use_row_as_full_screen_section=&#8221;no&#8221; type=&#8221;full_width&#8221; angled_section=&#8221;no&#8221; text_align=&#8221;left&#8221; background_image_as_pattern=&#8221;without_pattern&#8221; css_animation=&#8221;&#8221; bg_type=&#8221;image&#8221; parallax_style=&#8221;vcpb-default&#8221; bg_image_new=&#8221;id^472|url^https:\/\/www.medjugorjehotelspa.com\/wp-content\/uploads\/2016\/12\/D8E0082-copy.jpeg|caption^null|alt^null|title^_d8e0082-copy|description^null&#8221; bg_image_repeat=&#8221;no-repeat&#8221; parallax_content=&#8221;parallax_content_value&#8221; parallax_content_sense=&#8221;30&#8243; fadeout_row=&#8221;fadeout_row_value&#8221;][vc_column][vc_empty_space height=&#8221;85px&#8221;][vc_row_inner row_type=&#8221;row&#8221; type=&#8221;full_width&#8221; text_align=&#8221;left&#8221; css_animation=&#8221;&#8221;][vc_column_inner width=&#8221;1\/4&#8243;][\/vc_column_inner][vc_column_inner width=&#8221;1\/2&#8243; css=&#8221;.vc_custom_1480851364495{background-color: rgba(255,255,255,0.88) !important;*background-color: rgb(255,255,255) !important;}&#8221;][vc_column_text] Las habitaciones de Medjugorje Hotel &amp; Spa Servicios y confort para su estancia [\/vc_column_text][vc_empty_space][\/vc_column_inner][vc_column_inner width=&#8221;1\/4&#8243;][\/vc_column_inner][\/vc_row_inner][vc_empty_space height=&#8221;85px&#8221;][\/vc_column][\/vc_row][vc_row row_type=&#8221;row&#8221; use_row_as_full_screen_section=&#8221;no&#8221;&#8230;<\/p>\n","protected":false},"author":3,"featured_media":0,"parent":0,"menu_order":0,"comment_status":"closed","ping_status":"closed","template":"full_width.php","meta":{"footnotes":""},"yoast_head":"<!-- This site is optimized with the Yoast SEO plugin v22.8 - https:\/\/yoast.com\/wordpress\/plugins\/seo\/ -->\n<title>Nuestras habitaciones | Medjugorje Hotel &amp; Spa<\/title>\n<meta name=\"description\" content=\"Las habitaciones de Medjugorje Hotel &amp; Spa Servicios y confort para su estancia Le presentamos las habitaciones de Medjugorje Hotel &amp; Spa &nbsp;\" \/>\n<meta name=\"robots\" content=\"index, follow, max-snippet:-1, max-image-preview:large, max-video-preview:-1\" \/>\n<link rel=\"canonical\" href=\"https:\/\/www.medjugorjehotelspa.com\/camere\/\" \/>\n<meta property=\"og:locale\" content=\"es_ES\" \/>\n<meta property=\"og:type\" content=\"article\" \/>\n<meta property=\"og:title\" content=\"Nuestras habitaciones | Medjugorje Hotel &amp; Spa\" \/>\n<meta property=\"og:description\" content=\"Las habitaciones de Medjugorje Hotel &amp; Spa Servicios y confort para su estancia Le presentamos las habitaciones de Medjugorje Hotel &amp; Spa &nbsp;\" \/>\n<meta property=\"og:url\" content=\"https:\/\/www.medjugorjehotelspa.com\/camere\/\" \/>\n<meta property=\"og:site_name\" content=\"Medjugorje Hotel &amp; Spa\" \/>\n<meta property=\"article:modified_time\" content=\"2023-04-03T14:09:55+00:00\" \/>\n<meta name=\"twitter:card\" content=\"summary_large_image\" \/>\n<meta name=\"twitter:label1\" content=\"Est. reading time\" \/>\n\t<meta name=\"twitter:data1\" content=\"6 minutes\" \/>\n<script type=\"application\/ld+json\" class=\"yoast-schema-graph\">{\"@context\":\"https:\/\/schema.org\",\"@graph\":[{\"@type\":\"WebPage\",\"@id\":\"https:\/\/www.medjugorjehotelspa.com\/camere\/\",\"url\":\"https:\/\/www.medjugorjehotelspa.com\/camere\/\",\"name\":\"Nuestras habitaciones | Medjugorje Hotel &amp; Spa\",\"isPartOf\":{\"@id\":\"https:\/\/www.medjugorjehotelspa.com\/#website\"},\"datePublished\":\"2016-12-02T18:44:37+00:00\",\"dateModified\":\"2023-04-03T14:09:55+00:00\",\"description\":\"Las habitaciones de Medjugorje Hotel &amp; Spa Servicios y confort para su estancia Le presentamos las habitaciones de Medjugorje Hotel &amp; Spa &nbsp;\",\"breadcrumb\":{\"@id\":\"https:\/\/www.medjugorjehotelspa.com\/camere\/#breadcrumb\"},\"inLanguage\":\"es-ES\",\"potentialAction\":[{\"@type\":\"ReadAction\",\"target\":[\"https:\/\/www.medjugorjehotelspa.com\/camere\/\"]}]},{\"@type\":\"BreadcrumbList\",\"@id\":\"https:\/\/www.medjugorjehotelspa.com\/camere\/#breadcrumb\",\"itemListElement\":[{\"@type\":\"ListItem\",\"position\":1,\"name\":\"Home\",\"item\":\"https:\/\/www.medjugorjehotelspa.com\/es\/\"},{\"@type\":\"ListItem\",\"position\":2,\"name\":\"Nuestras habitaciones\"}]},{\"@type\":\"WebSite\",\"@id\":\"https:\/\/www.medjugorjehotelspa.com\/#website\",\"url\":\"https:\/\/www.medjugorjehotelspa.com\/\",\"name\":\"Medjugorje Hotel &amp; Spa\",\"description\":\"Hotel 4****S in Medjugorje\",\"potentialAction\":[{\"@type\":\"SearchAction\",\"target\":{\"@type\":\"EntryPoint\",\"urlTemplate\":\"https:\/\/www.medjugorjehotelspa.com\/?s={search_term_string}\"},\"query-input\":\"required name=search_term_string\"}],\"inLanguage\":\"es-ES\"}]}<\/script>\n<!-- \/ Yoast SEO plugin. -->","yoast_head_json":{"title":"Nuestras habitaciones | Medjugorje Hotel &amp; Spa","description":"Las habitaciones de Medjugorje Hotel &amp; Spa Servicios y confort para su estancia Le presentamos las habitaciones de Medjugorje Hotel &amp; Spa &nbsp;","robots":{"index":"index","follow":"follow","max-snippet":"max-snippet:-1","max-image-preview":"max-image-preview:large","max-video-preview":"max-video-preview:-1"},"canonical":"https:\/\/www.medjugorjehotelspa.com\/camere\/","og_locale":"es_ES","og_type":"article","og_title":"Nuestras habitaciones | Medjugorje Hotel &amp; Spa","og_description":"Las habitaciones de Medjugorje Hotel &amp; Spa Servicios y confort para su estancia Le presentamos las habitaciones de Medjugorje Hotel &amp; Spa &nbsp;","og_url":"https:\/\/www.medjugorjehotelspa.com\/camere\/","og_site_name":"Medjugorje Hotel &amp; Spa","article_modified_time":"2023-04-03T14:09:55+00:00","twitter_card":"summary_large_image","twitter_misc":{"Est. reading time":"6 minutes"},"schema":{"@context":"https:\/\/schema.org","@graph":[{"@type":"WebPage","@id":"https:\/\/www.medjugorjehotelspa.com\/camere\/","url":"https:\/\/www.medjugorjehotelspa.com\/camere\/","name":"Nuestras habitaciones | Medjugorje Hotel &amp; Spa","isPartOf":{"@id":"https:\/\/www.medjugorjehotelspa.com\/#website"},"datePublished":"2016-12-02T18:44:37+00:00","dateModified":"2023-04-03T14:09:55+00:00","description":"Las habitaciones de Medjugorje Hotel &amp; Spa Servicios y confort para su estancia Le presentamos las habitaciones de Medjugorje Hotel &amp; Spa &nbsp;","breadcrumb":{"@id":"https:\/\/www.medjugorjehotelspa.com\/camere\/#breadcrumb"},"inLanguage":"es-ES","potentialAction":[{"@type":"ReadAction","target":["https:\/\/www.medjugorjehotelspa.com\/camere\/"]}]},{"@type":"BreadcrumbList","@id":"https:\/\/www.medjugorjehotelspa.com\/camere\/#breadcrumb","itemListElement":[{"@type":"ListItem","position":1,"name":"Home","item":"https:\/\/www.medjugorjehotelspa.com\/es\/"},{"@type":"ListItem","position":2,"name":"Nuestras habitaciones"}]},{"@type":"WebSite","@id":"https:\/\/www.medjugorjehotelspa.com\/#website","url":"https:\/\/www.medjugorjehotelspa.com\/","name":"Medjugorje Hotel &amp; Spa","description":"Hotel 4****S in Medjugorje","potentialAction":[{"@type":"SearchAction","target":{"@type":"EntryPoint","urlTemplate":"https:\/\/www.medjugorjehotelspa.com\/?s={search_term_string}"},"query-input":"required name=search_term_string"}],"inLanguage":"es-ES"}]}},"_links":{"self":[{"href":"https:\/\/www.medjugorjehotelspa.com\/es\/wp-json\/wp\/v2\/pages\/4869"}],"collection":[{"href":"https:\/\/www.medjugorjehotelspa.com\/es\/wp-json\/wp\/v2\/pages"}],"about":[{"href":"https:\/\/www.medjugorjehotelspa.com\/es\/wp-json\/wp\/v2\/types\/page"}],"author":[{"embeddable":true,"href":"https:\/\/www.medjugorjehotelspa.com\/es\/wp-json\/wp\/v2\/users\/3"}],"replies":[{"embeddable":true,"href":"https:\/\/www.medjugorjehotelspa.com\/es\/wp-json\/wp\/v2\/comments?post=4869"}],"version-history":[{"count":3,"href":"https:\/\/www.medjugorjehotelspa.com\/es\/wp-json\/wp\/v2\/pages\/4869\/revisions"}],"predecessor-version":[{"id":6006,"href":"https:\/\/www.medjugorjehotelspa.com\/es\/wp-json\/wp\/v2\/pages\/4869\/revisions\/6006"}],"wp:attachment":[{"href":"https:\/\/www.medjugorjehotelspa.com\/es\/wp-json\/wp\/v2\/media?parent=4869"}],"curies":[{"name":"wp","href":"https:\/\/api.w.org\/{rel}","templated":true}]}}