{"id":4844,"date":"2016-12-05T09:20:56","date_gmt":"2016-12-05T08:20:56","guid":{"rendered":"https:\/\/www.medjugorjehotelspa.com\/come-arrivare-a-medjugorje\/"},"modified":"2018-08-03T11:36:19","modified_gmt":"2018-08-03T09:36:19","slug":"como-llegar-a-medjugorje","status":"publish","type":"page","link":"https:\/\/www.medjugorjehotelspa.com\/es\/como-llegar-a-medjugorje\/","title":{"rendered":"C\u00f3mo llegar a Medjugorje"},"content":{"rendered":"<section class=\"wpb-content-wrapper\"><p>[vc_row row_type=&#8221;row&#8221; use_row_as_full_screen_section=&#8221;no&#8221; type=&#8221;full_width&#8221; angled_section=&#8221;no&#8221; text_align=&#8221;left&#8221; background_image=&#8221;3041&#8243; background_image_as_pattern=&#8221;without_pattern&#8221; css_animation=&#8221;&#8221;][vc_column][vc_empty_space][vc_row_inner row_type=&#8221;row&#8221; type=&#8221;grid&#8221; text_align=&#8221;left&#8221; css_animation=&#8221;&#8221;][vc_column_inner width=&#8221;1\/6&#8243;][\/vc_column_inner][vc_column_inner width=&#8221;2\/3&#8243; css=&#8221;.vc_custom_1483630381723{background-color: rgba(255,255,255,0.88) !important;*background-color: rgb(255,255,255) !important;}&#8221;][vc_column_text]<\/p>\n<h1 class=\"entry-title\" style=\"text-align: center;\" data-fontsize=\"60\" data-lineheight=\"NaN\">C\u00f3mo llegar a Medjugorje<\/h1>\n<h2 style=\"text-align: center;\"><em>Descubra c\u00f3mo llegar y qu\u00e9 documentos necesita<\/em><\/h2>\n<p>[\/vc_column_text][vc_empty_space][\/vc_column_inner][vc_column_inner width=&#8221;1\/6&#8243;][\/vc_column_inner][\/vc_row_inner][vc_empty_space][\/vc_column][\/vc_row][vc_row row_type=&#8221;row&#8221; use_row_as_full_screen_section=&#8221;no&#8221; type=&#8221;full_width&#8221; angled_section=&#8221;no&#8221; text_align=&#8221;left&#8221; background_image_as_pattern=&#8221;without_pattern&#8221; css_animation=&#8221;&#8221;][vc_column][vc_empty_space][\/vc_column][\/vc_row][vc_row row_type=&#8221;row&#8221; use_row_as_full_screen_section=&#8221;no&#8221; type=&#8221;grid&#8221; angled_section=&#8221;no&#8221; text_align=&#8221;left&#8221; background_image_as_pattern=&#8221;without_pattern&#8221; css_animation=&#8221;&#8221;][vc_column width=&#8221;1\/2&#8243;][vc_column_text]<\/p>\n<article>\n<h2>Llegar a Medjugorje Hotel &amp; Spa en avi\u00f3n, en ferry, en coche<\/h2>\n<p>&nbsp;<\/p>\n<p><em>Llegar a Medjugorje Hotel &amp; Spa es f\u00e1cil: aqu\u00ed te explicamos c\u00f3mo llegar a Medjugorje en avi\u00f3n, en ferry o en coche, con una breve explicaci\u00f3n sobre los documentos necesarios para ingresar a Bosnia-Herzegovina.<\/em><br \/>\n<em>\u00a1Te estamos esperando!<\/em><\/p>\n<p>&nbsp;<\/p>\n<h3>Llegar a Medjugorje en avi\u00f3n<\/h3>\n<p>El aer\u00f3dromo m\u00e1s cercano es el aeropuerto de <strong>Mostar<\/strong> en Bosnia-Herzegovina, que est\u00e1 a unos 25 km (15,5 millas) de Medjugorje. Desde aqu\u00ed puede tomar un autob\u00fas o alquilar un autom\u00f3vil para llegar a nuestro hotel en aproximadamente 30 minutos (o puede solicitar un servicio de transporte desde \/ hasta el hotel). Varios operadores tur\u00edsticos que organizan vuelos charter incluyen un servicio de transporte a Medjugorje. Durante el invierno dejan de vuelos.<\/p>\n<p>Alternativamente, existe el <strong>aeropuerto de Split<\/strong> en Croacia, a unos 140 km (87 millas) de Medjugorje, que est\u00e1 conectado por una nueva carretera. En autob\u00fas, el viaje desde aqu\u00ed toma alrededor de 3 horas; en coche, alrededor de 2 horas.<\/p>\n<p>&nbsp;<\/p>\n<h3>Llegar a Medjugorje en ferry<\/h3>\n<p>Los principales puertos donde se puede llegar en ferry son los de Split y Dubrovnik, que se encuentran en Croacia. De ella puede tomar un autob\u00fas o alquilar un autom\u00f3vil para llegar a Medjugorje. Por lo general, los transbordadores navegan durante la noche y llegan temprano en la ma\u00f1ana.<\/p>\n<p>&nbsp;<\/p>\n<h3>Servicio de transporte desde y hasta el hotel<\/h3>\n<p>En Medjugorje Hotel &amp; Spa puede reservar un servicio de transporte a los aeropuertos y puertos. Para obtener m\u00e1s informaci\u00f3n, comun\u00edquese con la Agencia de Viajes Pax Travel o nuestra Recepci\u00f3n.<\/p>\n<p>&nbsp;<\/p>\n<h3>Llegar a Medjugorje en coche<\/h3>\n<p>Llegar a Medjugorje en coche es f\u00e1cil: puede planificar su viaje utilizando recursos en l\u00ednea como\u00a0<a href=\"https:\/\/www.google.it\/maps\" target=\"_blank\" rel=\"noopener\">Google Maps<\/a> o\u00a0<a href=\"https:\/\/www.viamichelin.com\/\" target=\"_blank\" rel=\"noopener\">Via Michelin Route Planner<\/a>.<\/p>\n<p>Hay una nueva autopista que atraviesa toda Croacia y llega a Medjugorje. Tenga en cuenta que si viaja por autopista en Eslovenia, debe comprar un boleto de peaje (vinjeta) y pegarlo en el parabrisas de su autom\u00f3vil. Puede encontrar m\u00e1s informaci\u00f3n sobre los boletos de peaje en el sitio web\u00a0<a href=\"http:\/\/www.dars.si\/Dokumenti\/Toll\/Methods_of_payment\/Vehicles_up_to_35_t\/Vignette_308.aspx\" target=\"_blank\" rel=\"noopener\">DARS website<\/a> o <a href=\"https:\/\/www.slovenia.info\/en\/plan-your-trip\/getting-to-and-around-slovenia\/to-slovenia-by-car\" target=\"_blank\" rel=\"noopener\">Slovenia Tourist Office.<\/a><\/p>\n<p>&nbsp;<\/p>\n<h3>M\u00e1s informaci\u00f3n sobre c\u00f3mo llegar a Bosnia-Herzegovina<\/h3>\n<p>Si necesita m\u00e1s informaci\u00f3n pr\u00e1ctica sobre viajar a Bosnia-Herzegovina, consulte el sitio web\u00a0<a href=\"http:\/\/www.bhtourism.ba\/eng\/\" target=\"_blank\" rel=\"noopener\">Bosnian Tourist Office<\/a><\/p>\n<p>&nbsp;<\/p>\n<p>\u00bfNecesita m\u00e1s informaci\u00f3n sobre vuelos, transbordadores, autocares o renta de autos?<\/p>\n<\/article>\n<p>[\/vc_column_text][vc_empty_space]<a  itemprop=\"url\" href=\"https:\/\/www.pax-travel.com\/es\/contacto\/\" target=\"_blank\" data-hover-background-color=#cc9c2c data-hover-border-color=#cc9c2c data-hover-color=#ffffff class=\"qbutton  medium center default\" style=\"color: #ffffff; border-color: #cbaa5c; background-color: #cbaa5c;\">contacte a nuestra agencia de viajes Pax Travel<\/a>[vc_empty_space][vc_column_text]<strong>Medjugorje Hotel &amp; Spa<br \/>\n<\/strong><strong>DMS coordinates: 43\u00b0 11\u2032 27\u201d N \u00a0\u2013 \u00a017\u00b0 41\u2032 9\u201d E<br \/>\n<\/strong><strong><span class=\"s1\">DD coordinates: <\/span>43.190795 N \u00a0\u2013 \u00a017.685923 E<\/strong>[\/vc_column_text][vc_empty_space][\/vc_column][vc_column width=&#8221;1\/2&#8243;][vc_gmaps link=&#8221;#E-8_JTNDaWZyYW1lJTIwc3JjJTNEJTIyaHR0cHMlM0ElMkYlMkZ3d3cuZ29vZ2xlLmNvbSUyRm1hcHMlMkZlbWJlZCUzRnBiJTNEJTIxMW0xOCUyMTFtMTIlMjExbTMlMjExZDM3Mjg2OS43Njg5OTU5Mzk4NyUyMTJkMTcuMzAyOTM2NzU1MDgwNTM4JTIxM2Q0My4xMDM1Njc3MTQyMzM2NTUlMjEybTMlMjExZjAlMjEyZjAlMjEzZjAlMjEzbTIlMjExaTEwMjQlMjEyaTc2OCUyMTRmMTMuMSUyMTNtMyUyMTFtMiUyMTFzMHgxMzRiNmQzYjcwOGU2ZjJiJTI1M0EweGQ2NTBkYzEyOWMwOGY4NTIlMjEyc01lZGp1Z29yamUlMkJIb3RlbCUyQiUyNTI2JTJCU3BhJTIxNWUwJTIxM20yJTIxMXNpdCUyMTJzaXQlMjE0djE0ODA5MzUzOTg1NjUlMjIlMjB3aWR0aCUzRCUyMjYwMCUyMiUyMGhlaWdodCUzRCUyMjQ1MCUyMiUyMGZyYW1lYm9yZGVyJTNEJTIyMCUyMiUyMHN0eWxlJTNEJTIyYm9yZGVyJTNBMCUyMiUyMGFsbG93ZnVsbHNjcmVlbiUzRSUzQyUyRmlmcmFtZSUzRQ==&#8221;][vc_empty_space][\/vc_column][\/vc_row][vc_row row_type=&#8221;row&#8221; use_row_as_full_screen_section=&#8221;no&#8221; type=&#8221;grid&#8221; angled_section=&#8221;no&#8221; text_align=&#8221;left&#8221; background_image_as_pattern=&#8221;without_pattern&#8221; css_animation=&#8221;&#8221; css=&#8221;.vc_custom_1480634674047{background-color: #efefef !important;}&#8221;][vc_column][vc_empty_space][vc_row_inner row_type=&#8221;row&#8221; type=&#8221;grid&#8221; text_align=&#8221;center&#8221; css_animation=&#8221;&#8221;][vc_column_inner width=&#8221;1\/3&#8243;][vc_empty_space height=&#8221;15px&#8221;][\/vc_column_inner][vc_column_inner width=&#8221;1\/3&#8243;][vc_column_text]<\/p>\n<h2 style=\"text-align: center;\">Documentos necesarios para ingresar<br \/>\na Bosnia Herzegovina<\/h2>\n<p>[\/vc_column_text][vc_empty_space height=&#8221;15px&#8221;]<div class=\"ult-just-icon-wrapper  \"><div class=\"align-icon\" style=\"text-align:center;\">\n<a class=\"aio-tooltip 69e1ea396bebd\" href=\"https:\/\/www.medjugorjehotelspa.com\/es\/como-llegar-a-medjugorje\/documentos-necesarios\/\"  data-toggle=\"tooltip\" data-placement=\"top\"><div class=\"aio-tooltip 69e1ea396bebd\" data-toggle=\"tooltip\" data-placement=\"top\" title=\"Documentos necesarios para ingresar a Bosnia Herzegovina\"><div class=\"aio-icon circle \"  style=\"color:#ffffff;background:#cbaa5c;font-size:56px;display:inline-block;\">\n\t<i class=\"Defaults-user\"><\/i>\n<\/div><\/a><\/div><\/div><\/div>[\/vc_column_inner][vc_column_inner width=&#8221;1\/3&#8243;][vc_empty_space height=&#8221;15px&#8221;][\/vc_column_inner][\/vc_row_inner][vc_empty_space height=&#8221;52px&#8221;][\/vc_column][\/vc_row]<\/p>\n<\/section>","protected":false},"excerpt":{"rendered":"<p>[vc_row row_type=&#8221;row&#8221; use_row_as_full_screen_section=&#8221;no&#8221; type=&#8221;full_width&#8221; angled_section=&#8221;no&#8221; text_align=&#8221;left&#8221; background_image=&#8221;3041&#8243; background_image_as_pattern=&#8221;without_pattern&#8221; css_animation=&#8221;&#8221;][vc_column][vc_empty_space][vc_row_inner row_type=&#8221;row&#8221; type=&#8221;grid&#8221; text_align=&#8221;left&#8221; css_animation=&#8221;&#8221;][vc_column_inner width=&#8221;1\/6&#8243;][\/vc_column_inner][vc_column_inner width=&#8221;2\/3&#8243; css=&#8221;.vc_custom_1483630381723{background-color: rgba(255,255,255,0.88) !important;*background-color: rgb(255,255,255) !important;}&#8221;][vc_column_text] C\u00f3mo llegar a Medjugorje Descubra c\u00f3mo llegar y qu\u00e9 documentos necesita [\/vc_column_text][vc_empty_space][\/vc_column_inner][vc_column_inner width=&#8221;1\/6&#8243;][\/vc_column_inner][\/vc_row_inner][vc_empty_space][\/vc_column][\/vc_row][vc_row row_type=&#8221;row&#8221; use_row_as_full_screen_section=&#8221;no&#8221; type=&#8221;full_width&#8221; angled_section=&#8221;no&#8221; text_align=&#8221;left&#8221; background_image_as_pattern=&#8221;without_pattern&#8221; css_animation=&#8221;&#8221;][vc_column][vc_empty_space][\/vc_column][\/vc_row][vc_row row_type=&#8221;row&#8221; use_row_as_full_screen_section=&#8221;no&#8221; type=&#8221;grid&#8221; angled_section=&#8221;no&#8221; text_align=&#8221;left&#8221;&#8230;<\/p>\n","protected":false},"author":3,"featured_media":0,"parent":0,"menu_order":0,"comment_status":"closed","ping_status":"closed","template":"full_width.php","meta":{"footnotes":""},"yoast_head":"<!-- This site is optimized with the Yoast SEO plugin v22.8 - https:\/\/yoast.com\/wordpress\/plugins\/seo\/ -->\n<title>C\u00f3mo llegar a Medjugorje | Medjugorje Hotel &amp; Spa<\/title>\n<meta name=\"description\" content=\"C\u00f3mo llegar a Medjugorje Descubra c\u00f3mo llegar y qu\u00e9 documentos necesita Llegar a Medjugorje Hotel &amp; Spa en avi\u00f3n, en ferry, en coche &nbsp; Llegar a\" \/>\n<meta name=\"robots\" content=\"index, follow, max-snippet:-1, max-image-preview:large, max-video-preview:-1\" \/>\n<link rel=\"canonical\" href=\"https:\/\/www.medjugorjehotelspa.com\/come-arrivare-a-medjugorje\/\" \/>\n<meta property=\"og:locale\" content=\"es_ES\" \/>\n<meta property=\"og:type\" content=\"article\" \/>\n<meta property=\"og:title\" content=\"C\u00f3mo llegar a Medjugorje | Medjugorje Hotel &amp; Spa\" \/>\n<meta property=\"og:description\" content=\"C\u00f3mo llegar a Medjugorje Descubra c\u00f3mo llegar y qu\u00e9 documentos necesita Llegar a Medjugorje Hotel &amp; Spa en avi\u00f3n, en ferry, en coche &nbsp; Llegar a\" \/>\n<meta property=\"og:url\" content=\"https:\/\/www.medjugorjehotelspa.com\/come-arrivare-a-medjugorje\/\" \/>\n<meta property=\"og:site_name\" content=\"Medjugorje Hotel &amp; Spa\" \/>\n<meta property=\"article:modified_time\" content=\"2018-08-03T09:36:19+00:00\" \/>\n<meta name=\"twitter:card\" content=\"summary_large_image\" \/>\n<meta name=\"twitter:label1\" content=\"Est. reading time\" \/>\n\t<meta name=\"twitter:data1\" content=\"4 minutes\" \/>\n<script type=\"application\/ld+json\" class=\"yoast-schema-graph\">{\"@context\":\"https:\/\/schema.org\",\"@graph\":[{\"@type\":\"WebPage\",\"@id\":\"https:\/\/www.medjugorjehotelspa.com\/come-arrivare-a-medjugorje\/\",\"url\":\"https:\/\/www.medjugorjehotelspa.com\/come-arrivare-a-medjugorje\/\",\"name\":\"C\u00f3mo llegar a Medjugorje | Medjugorje Hotel &amp; Spa\",\"isPartOf\":{\"@id\":\"https:\/\/www.medjugorjehotelspa.com\/#website\"},\"datePublished\":\"2016-12-05T08:20:56+00:00\",\"dateModified\":\"2018-08-03T09:36:19+00:00\",\"description\":\"C\u00f3mo llegar a Medjugorje Descubra c\u00f3mo llegar y qu\u00e9 documentos necesita Llegar a Medjugorje Hotel &amp; Spa en avi\u00f3n, en ferry, en coche &nbsp; Llegar a\",\"breadcrumb\":{\"@id\":\"https:\/\/www.medjugorjehotelspa.com\/come-arrivare-a-medjugorje\/#breadcrumb\"},\"inLanguage\":\"es-ES\",\"potentialAction\":[{\"@type\":\"ReadAction\",\"target\":[\"https:\/\/www.medjugorjehotelspa.com\/come-arrivare-a-medjugorje\/\"]}]},{\"@type\":\"BreadcrumbList\",\"@id\":\"https:\/\/www.medjugorjehotelspa.com\/come-arrivare-a-medjugorje\/#breadcrumb\",\"itemListElement\":[{\"@type\":\"ListItem\",\"position\":1,\"name\":\"Home\",\"item\":\"https:\/\/www.medjugorjehotelspa.com\/es\/\"},{\"@type\":\"ListItem\",\"position\":2,\"name\":\"C\u00f3mo llegar a Medjugorje\"}]},{\"@type\":\"WebSite\",\"@id\":\"https:\/\/www.medjugorjehotelspa.com\/#website\",\"url\":\"https:\/\/www.medjugorjehotelspa.com\/\",\"name\":\"Medjugorje Hotel &amp; Spa\",\"description\":\"Hotel 4****S in Medjugorje\",\"potentialAction\":[{\"@type\":\"SearchAction\",\"target\":{\"@type\":\"EntryPoint\",\"urlTemplate\":\"https:\/\/www.medjugorjehotelspa.com\/?s={search_term_string}\"},\"query-input\":\"required name=search_term_string\"}],\"inLanguage\":\"es-ES\"}]}<\/script>\n<!-- \/ Yoast SEO plugin. -->","yoast_head_json":{"title":"C\u00f3mo llegar a Medjugorje | Medjugorje Hotel &amp; Spa","description":"C\u00f3mo llegar a Medjugorje Descubra c\u00f3mo llegar y qu\u00e9 documentos necesita Llegar a Medjugorje Hotel &amp; Spa en avi\u00f3n, en ferry, en coche &nbsp; Llegar a","robots":{"index":"index","follow":"follow","max-snippet":"max-snippet:-1","max-image-preview":"max-image-preview:large","max-video-preview":"max-video-preview:-1"},"canonical":"https:\/\/www.medjugorjehotelspa.com\/come-arrivare-a-medjugorje\/","og_locale":"es_ES","og_type":"article","og_title":"C\u00f3mo llegar a Medjugorje | Medjugorje Hotel &amp; Spa","og_description":"C\u00f3mo llegar a Medjugorje Descubra c\u00f3mo llegar y qu\u00e9 documentos necesita Llegar a Medjugorje Hotel &amp; Spa en avi\u00f3n, en ferry, en coche &nbsp; Llegar a","og_url":"https:\/\/www.medjugorjehotelspa.com\/come-arrivare-a-medjugorje\/","og_site_name":"Medjugorje Hotel &amp; Spa","article_modified_time":"2018-08-03T09:36:19+00:00","twitter_card":"summary_large_image","twitter_misc":{"Est. reading time":"4 minutes"},"schema":{"@context":"https:\/\/schema.org","@graph":[{"@type":"WebPage","@id":"https:\/\/www.medjugorjehotelspa.com\/come-arrivare-a-medjugorje\/","url":"https:\/\/www.medjugorjehotelspa.com\/come-arrivare-a-medjugorje\/","name":"C\u00f3mo llegar a Medjugorje | Medjugorje Hotel &amp; Spa","isPartOf":{"@id":"https:\/\/www.medjugorjehotelspa.com\/#website"},"datePublished":"2016-12-05T08:20:56+00:00","dateModified":"2018-08-03T09:36:19+00:00","description":"C\u00f3mo llegar a Medjugorje Descubra c\u00f3mo llegar y qu\u00e9 documentos necesita Llegar a Medjugorje Hotel &amp; Spa en avi\u00f3n, en ferry, en coche &nbsp; Llegar a","breadcrumb":{"@id":"https:\/\/www.medjugorjehotelspa.com\/come-arrivare-a-medjugorje\/#breadcrumb"},"inLanguage":"es-ES","potentialAction":[{"@type":"ReadAction","target":["https:\/\/www.medjugorjehotelspa.com\/come-arrivare-a-medjugorje\/"]}]},{"@type":"BreadcrumbList","@id":"https:\/\/www.medjugorjehotelspa.com\/come-arrivare-a-medjugorje\/#breadcrumb","itemListElement":[{"@type":"ListItem","position":1,"name":"Home","item":"https:\/\/www.medjugorjehotelspa.com\/es\/"},{"@type":"ListItem","position":2,"name":"C\u00f3mo llegar a Medjugorje"}]},{"@type":"WebSite","@id":"https:\/\/www.medjugorjehotelspa.com\/#website","url":"https:\/\/www.medjugorjehotelspa.com\/","name":"Medjugorje Hotel &amp; Spa","description":"Hotel 4****S in Medjugorje","potentialAction":[{"@type":"SearchAction","target":{"@type":"EntryPoint","urlTemplate":"https:\/\/www.medjugorjehotelspa.com\/?s={search_term_string}"},"query-input":"required name=search_term_string"}],"inLanguage":"es-ES"}]}},"_links":{"self":[{"href":"https:\/\/www.medjugorjehotelspa.com\/es\/wp-json\/wp\/v2\/pages\/4844"}],"collection":[{"href":"https:\/\/www.medjugorjehotelspa.com\/es\/wp-json\/wp\/v2\/pages"}],"about":[{"href":"https:\/\/www.medjugorjehotelspa.com\/es\/wp-json\/wp\/v2\/types\/page"}],"author":[{"embeddable":true,"href":"https:\/\/www.medjugorjehotelspa.com\/es\/wp-json\/wp\/v2\/users\/3"}],"replies":[{"embeddable":true,"href":"https:\/\/www.medjugorjehotelspa.com\/es\/wp-json\/wp\/v2\/comments?post=4844"}],"version-history":[{"count":6,"href":"https:\/\/www.medjugorjehotelspa.com\/es\/wp-json\/wp\/v2\/pages\/4844\/revisions"}],"predecessor-version":[{"id":5329,"href":"https:\/\/www.medjugorjehotelspa.com\/es\/wp-json\/wp\/v2\/pages\/4844\/revisions\/5329"}],"wp:attachment":[{"href":"https:\/\/www.medjugorjehotelspa.com\/es\/wp-json\/wp\/v2\/media?parent=4844"}],"curies":[{"name":"wp","href":"https:\/\/api.w.org\/{rel}","templated":true}]}}