{"id":4826,"date":"2016-12-05T22:56:29","date_gmt":"2016-12-05T21:56:29","guid":{"rendered":"https:\/\/www.medjugorjehotelspa.com\/documenti-necessari\/"},"modified":"2018-08-03T11:34:22","modified_gmt":"2018-08-03T09:34:22","slug":"documentos-necesarios","status":"publish","type":"page","link":"https:\/\/www.medjugorjehotelspa.com\/es\/como-llegar-a-medjugorje\/documentos-necesarios\/","title":{"rendered":"Documentos necesarios"},"content":{"rendered":"<section class=\"wpb-content-wrapper\"><p>[vc_row row_type=&#8221;row&#8221; use_row_as_full_screen_section=&#8221;no&#8221; type=&#8221;full_width&#8221; angled_section=&#8221;no&#8221; text_align=&#8221;left&#8221; background_image=&#8221;330&#8243; background_image_as_pattern=&#8221;without_pattern&#8221; css_animation=&#8221;&#8221;][vc_column][vc_empty_space height=&#8221;85px&#8221;][vc_row_inner row_type=&#8221;row&#8221; type=&#8221;grid&#8221; text_align=&#8221;left&#8221; css_animation=&#8221;&#8221;][vc_column_inner width=&#8221;1\/4&#8243;][\/vc_column_inner][vc_column_inner width=&#8221;1\/2&#8243; css=&#8221;.vc_custom_1483632105434{background-color: rgba(255,255,255,0.88) !important;*background-color: rgb(255,255,255) !important;}&#8221;][vc_column_text]<\/p>\n<article>\n<h1 style=\"text-align: center;\">Documentos necesarios para ingresar a Bosnia Herzegovina<\/h1>\n<\/article>\n<p>[\/vc_column_text][vc_empty_space][\/vc_column_inner][vc_column_inner width=&#8221;1\/4&#8243;][\/vc_column_inner][\/vc_row_inner][vc_empty_space height=&#8221;85px&#8221;][\/vc_column][\/vc_row][vc_row row_type=&#8221;row&#8221; use_row_as_full_screen_section=&#8221;no&#8221; type=&#8221;full_width&#8221; angled_section=&#8221;no&#8221; text_align=&#8221;left&#8221; background_image_as_pattern=&#8221;without_pattern&#8221; css_animation=&#8221;&#8221;][vc_column][vc_empty_space][\/vc_column][\/vc_row][vc_row row_type=&#8221;row&#8221; use_row_as_full_screen_section=&#8221;no&#8221; type=&#8221;grid&#8221; angled_section=&#8221;no&#8221; text_align=&#8221;left&#8221; background_image_as_pattern=&#8221;without_pattern&#8221; css_animation=&#8221;&#8221;][vc_column width=&#8221;2\/3&#8243;][vc_column_text]<\/p>\n<article>\n<h2>Documentos necesarios para ingresar a Bosnia-Herzegovina y llegar a Medjugorje<\/h2>\n<p>&nbsp;<\/p>\n<p>&nbsp;<\/p>\n<section>\n<h3>Adultos<\/h3>\n<p>&nbsp;<\/p>\n<p>Cuando salga de su pa\u00eds, aseg\u00farese de que sus documentos est\u00e9n actualizados y sean v\u00e1lidos. En general, Bosnia-Herzegovina solo se puede ingresar con pasaporte. Las personas de la UE, EE. UU. Y Canad\u00e1 no requieren una visa para estancias cortas. Si es necesario, puede obtener una visa a trav\u00e9s de la embajada de Bosnia en su pa\u00eds. Tenga en cuenta que si ingresa a Bosnia-Herzegovina con una visa, debe registrarse con la polic\u00eda dentro de las 24 horas posteriores a su llegada.<\/p>\n<p>&nbsp;<\/p>\n<\/section>\n<section>\n<h3>Menores<\/h3>\n<p>&nbsp;<\/p>\n<p>Aseg\u00farese de que los documentos de sus hijos est\u00e9n actualizados y sean v\u00e1lidos. Los ni\u00f1os menores de 14 a\u00f1os no pueden viajar solos en Bosnia-Herzegovina, pero deben estar acompa\u00f1ados por al menos un adulto. Acompa\u00f1antes adultos que no sean los padres deben llevar una carta legal de permiso dada por los padres.<\/p>\n<p>&nbsp;<\/p>\n<\/section>\n<section>\n<h3>Documentos del coche<\/h3>\n<p>&nbsp;<\/p>\n<p>Si ingresa a Bosnia-Herzegovina en autom\u00f3vil, aseg\u00farese de llevar su licencia de conducir, el certificado de registro de su veh\u00edculo y el seguro de su veh\u00edculo. Sobre todo, aseg\u00farese de que todos estos documentos est\u00e9n actualizados y sean v\u00e1lidos para conducir en Bosnia-Herzegovina. Adem\u00e1s, aseg\u00farese de que su seguro de autom\u00f3vil cubra Bosnia-Herzegovina y, de ser as\u00ed, lleve consigo la Tarjeta de seguro internacional (Green Card). Si el seguro de su veh\u00edculo no cubre Bosnia-Herzegovina, cuando llegue a la frontera debe comprar un seguro local de veh\u00edculos.<\/p>\n<p>&nbsp;<\/p>\n<\/section>\n<section>\n<h3>Robos<\/h3>\n<p>&nbsp;<\/p>\n<p>Para evitar m\u00e1s problemas en caso de robo, lleve consigo copias de todos sus documentos.<\/p>\n<p>&nbsp;<\/p>\n<\/section>\n<section>\n<h3>M\u00e1s informaci\u00f3n<\/h3>\n<p>&nbsp;<\/p>\n<p>Si necesita m\u00e1s informaci\u00f3n sobre c\u00f3mo ingresar a Bosnia-Herzegovina, puede ponerse en contacto con la embajada de Bosnia en su pa\u00eds o consultar el sitio web de la <a href=\"http:\/\/www.bhtourism.ba\/eng\/\" target=\"_blank\" rel=\"noopener\">Oficina de Turismo de Bosnia<\/a>.<\/p>\n<\/section>\n<\/article>\n<p>[\/vc_column_text][\/vc_column][vc_column width=&#8221;1\/3&#8243;][vc_empty_space height=&#8221;15px&#8221;][vc_row_inner row_type=&#8221;row&#8221; type=&#8221;full_width&#8221; text_align=&#8221;left&#8221; css_animation=&#8221;&#8221;][vc_column_inner css=&#8221;.vc_custom_1484592365096{background-color: #efefef !important;}&#8221;][vc_column_text]<\/p>\n<h2 style=\"text-align: center;\">C\u00f3mo llegar a Medjugorje<\/h2>\n<p>[\/vc_column_text][vc_empty_space height=&#8221;15px&#8221;]<div class=\"ult-just-icon-wrapper  \"><div class=\"align-icon\" style=\"text-align:center;\">\n<a class=\"aio-tooltip 69e34f987efb9\" href=\"https:\/\/www.medjugorjehotelspa.com\/es\/como-llegar-a-medjugorje\/\"  data-toggle=\"tooltip\" data-placement=\"top\"><div class=\"aio-tooltip 69e34f987efb9\" data-toggle=\"tooltip\" data-placement=\"top\" title=\"C\u00f3mo llegar a Medjugorje\"><div class=\"aio-icon circle \"  style=\"color:#ffffff;background:#cbaa5c;font-size:56px;display:inline-block;\">\n\t<i class=\"Defaults-plane\"><\/i>\n<\/div><\/a><\/div><\/div><\/div>[vc_empty_space][\/vc_column_inner][\/vc_row_inner][\/vc_column][\/vc_row][vc_row row_type=&#8221;row&#8221; use_row_as_full_screen_section=&#8221;no&#8221; type=&#8221;full_width&#8221; angled_section=&#8221;no&#8221; text_align=&#8221;left&#8221; background_image_as_pattern=&#8221;without_pattern&#8221; css_animation=&#8221;&#8221;][vc_column][vc_empty_space][\/vc_column][\/vc_row][vc_row row_type=&#8221;row&#8221; use_row_as_full_screen_section=&#8221;no&#8221; type=&#8221;grid&#8221; angled_section=&#8221;no&#8221; text_align=&#8221;center&#8221; background_image_as_pattern=&#8221;without_pattern&#8221; background_color=&#8221;#e2e2e2&#8243; css_animation=&#8221;&#8221;][vc_column][vc_empty_space][vc_column_text]<\/p>\n<p style=\"text-align: center;\">\u00bfNecesita informaci\u00f3n sobre vuelos, transbordadores, autocares o renta de autos?<\/p>\n<p>[\/vc_column_text][vc_empty_space]<a  itemprop=\"url\" href=\"https:\/\/www.pax-travel.com\/es\/contacto\/\" target=\"_blank\" data-hover-background-color=#cc9c2c data-hover-border-color=#cc9c2c data-hover-color=#ffffff class=\"qbutton  medium center default\" style=\"color: #ffffff; border-color: #cbaa5c; background-color: #cbaa5c;\">contacte a nuestra agencia de viajes Pax Travel<\/a>[vc_empty_space][\/vc_column][\/vc_row]<\/p>\n<\/section>","protected":false},"excerpt":{"rendered":"<p>[vc_row row_type=&#8221;row&#8221; use_row_as_full_screen_section=&#8221;no&#8221; type=&#8221;full_width&#8221; angled_section=&#8221;no&#8221; text_align=&#8221;left&#8221; background_image=&#8221;330&#8243; background_image_as_pattern=&#8221;without_pattern&#8221; css_animation=&#8221;&#8221;][vc_column][vc_empty_space height=&#8221;85px&#8221;][vc_row_inner row_type=&#8221;row&#8221; type=&#8221;grid&#8221; text_align=&#8221;left&#8221; css_animation=&#8221;&#8221;][vc_column_inner width=&#8221;1\/4&#8243;][\/vc_column_inner][vc_column_inner width=&#8221;1\/2&#8243; css=&#8221;.vc_custom_1483632105434{background-color: rgba(255,255,255,0.88) !important;*background-color: rgb(255,255,255) !important;}&#8221;][vc_column_text] Documentos necesarios para ingresar a Bosnia Herzegovina [\/vc_column_text][vc_empty_space][\/vc_column_inner][vc_column_inner width=&#8221;1\/4&#8243;][\/vc_column_inner][\/vc_row_inner][vc_empty_space height=&#8221;85px&#8221;][\/vc_column][\/vc_row][vc_row row_type=&#8221;row&#8221; use_row_as_full_screen_section=&#8221;no&#8221; type=&#8221;full_width&#8221; angled_section=&#8221;no&#8221; text_align=&#8221;left&#8221; background_image_as_pattern=&#8221;without_pattern&#8221; css_animation=&#8221;&#8221;][vc_column][vc_empty_space][\/vc_column][\/vc_row][vc_row row_type=&#8221;row&#8221; use_row_as_full_screen_section=&#8221;no&#8221; type=&#8221;grid&#8221; angled_section=&#8221;no&#8221; text_align=&#8221;left&#8221; background_image_as_pattern=&#8221;without_pattern&#8221; css_animation=&#8221;&#8221;][vc_column&#8230;<\/p>\n","protected":false},"author":3,"featured_media":0,"parent":4844,"menu_order":0,"comment_status":"closed","ping_status":"closed","template":"full_width.php","meta":{"footnotes":""},"yoast_head":"<!-- This site is optimized with the Yoast SEO plugin v22.8 - https:\/\/yoast.com\/wordpress\/plugins\/seo\/ -->\n<title>Documentos necesarios | Medjugorje Hotel &amp; Spa<\/title>\n<meta name=\"description\" content=\"Documentos necesarios para ingresar a Bosnia-Herzegovina y llegar a Medjugorje\" \/>\n<meta name=\"robots\" content=\"index, follow, max-snippet:-1, max-image-preview:large, max-video-preview:-1\" \/>\n<link rel=\"canonical\" href=\"https:\/\/www.medjugorjehotelspa.com\/come-arrivare-a-medjugorje\/documenti-necessari\/\" \/>\n<meta property=\"og:locale\" content=\"es_ES\" \/>\n<meta property=\"og:type\" content=\"article\" \/>\n<meta property=\"og:title\" content=\"Documentos necesarios | Medjugorje Hotel &amp; Spa\" \/>\n<meta property=\"og:description\" content=\"Documentos necesarios para ingresar a Bosnia-Herzegovina y llegar a Medjugorje\" \/>\n<meta property=\"og:url\" content=\"https:\/\/www.medjugorjehotelspa.com\/come-arrivare-a-medjugorje\/documenti-necessari\/\" \/>\n<meta property=\"og:site_name\" content=\"Medjugorje Hotel &amp; Spa\" \/>\n<meta property=\"article:modified_time\" content=\"2018-08-03T09:34:22+00:00\" \/>\n<meta name=\"twitter:card\" content=\"summary_large_image\" \/>\n<meta name=\"twitter:label1\" content=\"Est. reading time\" \/>\n\t<meta name=\"twitter:data1\" content=\"4 minutes\" \/>\n<script type=\"application\/ld+json\" class=\"yoast-schema-graph\">{\"@context\":\"https:\/\/schema.org\",\"@graph\":[{\"@type\":\"WebPage\",\"@id\":\"https:\/\/www.medjugorjehotelspa.com\/come-arrivare-a-medjugorje\/documenti-necessari\/\",\"url\":\"https:\/\/www.medjugorjehotelspa.com\/come-arrivare-a-medjugorje\/documenti-necessari\/\",\"name\":\"Documentos necesarios | Medjugorje Hotel &amp; Spa\",\"isPartOf\":{\"@id\":\"https:\/\/www.medjugorjehotelspa.com\/#website\"},\"datePublished\":\"2016-12-05T21:56:29+00:00\",\"dateModified\":\"2018-08-03T09:34:22+00:00\",\"description\":\"Documentos necesarios para ingresar a Bosnia-Herzegovina y llegar a Medjugorje\",\"breadcrumb\":{\"@id\":\"https:\/\/www.medjugorjehotelspa.com\/come-arrivare-a-medjugorje\/documenti-necessari\/#breadcrumb\"},\"inLanguage\":\"es-ES\",\"potentialAction\":[{\"@type\":\"ReadAction\",\"target\":[\"https:\/\/www.medjugorjehotelspa.com\/come-arrivare-a-medjugorje\/documenti-necessari\/\"]}]},{\"@type\":\"BreadcrumbList\",\"@id\":\"https:\/\/www.medjugorjehotelspa.com\/come-arrivare-a-medjugorje\/documenti-necessari\/#breadcrumb\",\"itemListElement\":[{\"@type\":\"ListItem\",\"position\":1,\"name\":\"Home\",\"item\":\"https:\/\/www.medjugorjehotelspa.com\/es\/\"},{\"@type\":\"ListItem\",\"position\":2,\"name\":\"C\u00f3mo llegar a Medjugorje\",\"item\":\"https:\/\/www.medjugorjehotelspa.com\/come-arrivare-a-medjugorje\/\"},{\"@type\":\"ListItem\",\"position\":3,\"name\":\"Documentos necesarios\"}]},{\"@type\":\"WebSite\",\"@id\":\"https:\/\/www.medjugorjehotelspa.com\/#website\",\"url\":\"https:\/\/www.medjugorjehotelspa.com\/\",\"name\":\"Medjugorje Hotel &amp; Spa\",\"description\":\"Hotel 4****S in Medjugorje\",\"potentialAction\":[{\"@type\":\"SearchAction\",\"target\":{\"@type\":\"EntryPoint\",\"urlTemplate\":\"https:\/\/www.medjugorjehotelspa.com\/?s={search_term_string}\"},\"query-input\":\"required name=search_term_string\"}],\"inLanguage\":\"es-ES\"}]}<\/script>\n<!-- \/ Yoast SEO plugin. -->","yoast_head_json":{"title":"Documentos necesarios | Medjugorje Hotel &amp; Spa","description":"Documentos necesarios para ingresar a Bosnia-Herzegovina y llegar a Medjugorje","robots":{"index":"index","follow":"follow","max-snippet":"max-snippet:-1","max-image-preview":"max-image-preview:large","max-video-preview":"max-video-preview:-1"},"canonical":"https:\/\/www.medjugorjehotelspa.com\/come-arrivare-a-medjugorje\/documenti-necessari\/","og_locale":"es_ES","og_type":"article","og_title":"Documentos necesarios | Medjugorje Hotel &amp; Spa","og_description":"Documentos necesarios para ingresar a Bosnia-Herzegovina y llegar a Medjugorje","og_url":"https:\/\/www.medjugorjehotelspa.com\/come-arrivare-a-medjugorje\/documenti-necessari\/","og_site_name":"Medjugorje Hotel &amp; Spa","article_modified_time":"2018-08-03T09:34:22+00:00","twitter_card":"summary_large_image","twitter_misc":{"Est. reading time":"4 minutes"},"schema":{"@context":"https:\/\/schema.org","@graph":[{"@type":"WebPage","@id":"https:\/\/www.medjugorjehotelspa.com\/come-arrivare-a-medjugorje\/documenti-necessari\/","url":"https:\/\/www.medjugorjehotelspa.com\/come-arrivare-a-medjugorje\/documenti-necessari\/","name":"Documentos necesarios | Medjugorje Hotel &amp; Spa","isPartOf":{"@id":"https:\/\/www.medjugorjehotelspa.com\/#website"},"datePublished":"2016-12-05T21:56:29+00:00","dateModified":"2018-08-03T09:34:22+00:00","description":"Documentos necesarios para ingresar a Bosnia-Herzegovina y llegar a Medjugorje","breadcrumb":{"@id":"https:\/\/www.medjugorjehotelspa.com\/come-arrivare-a-medjugorje\/documenti-necessari\/#breadcrumb"},"inLanguage":"es-ES","potentialAction":[{"@type":"ReadAction","target":["https:\/\/www.medjugorjehotelspa.com\/come-arrivare-a-medjugorje\/documenti-necessari\/"]}]},{"@type":"BreadcrumbList","@id":"https:\/\/www.medjugorjehotelspa.com\/come-arrivare-a-medjugorje\/documenti-necessari\/#breadcrumb","itemListElement":[{"@type":"ListItem","position":1,"name":"Home","item":"https:\/\/www.medjugorjehotelspa.com\/es\/"},{"@type":"ListItem","position":2,"name":"C\u00f3mo llegar a Medjugorje","item":"https:\/\/www.medjugorjehotelspa.com\/come-arrivare-a-medjugorje\/"},{"@type":"ListItem","position":3,"name":"Documentos necesarios"}]},{"@type":"WebSite","@id":"https:\/\/www.medjugorjehotelspa.com\/#website","url":"https:\/\/www.medjugorjehotelspa.com\/","name":"Medjugorje Hotel &amp; Spa","description":"Hotel 4****S in Medjugorje","potentialAction":[{"@type":"SearchAction","target":{"@type":"EntryPoint","urlTemplate":"https:\/\/www.medjugorjehotelspa.com\/?s={search_term_string}"},"query-input":"required name=search_term_string"}],"inLanguage":"es-ES"}]}},"_links":{"self":[{"href":"https:\/\/www.medjugorjehotelspa.com\/es\/wp-json\/wp\/v2\/pages\/4826"}],"collection":[{"href":"https:\/\/www.medjugorjehotelspa.com\/es\/wp-json\/wp\/v2\/pages"}],"about":[{"href":"https:\/\/www.medjugorjehotelspa.com\/es\/wp-json\/wp\/v2\/types\/page"}],"author":[{"embeddable":true,"href":"https:\/\/www.medjugorjehotelspa.com\/es\/wp-json\/wp\/v2\/users\/3"}],"replies":[{"embeddable":true,"href":"https:\/\/www.medjugorjehotelspa.com\/es\/wp-json\/wp\/v2\/comments?post=4826"}],"version-history":[{"count":6,"href":"https:\/\/www.medjugorjehotelspa.com\/es\/wp-json\/wp\/v2\/pages\/4826\/revisions"}],"predecessor-version":[{"id":5327,"href":"https:\/\/www.medjugorjehotelspa.com\/es\/wp-json\/wp\/v2\/pages\/4826\/revisions\/5327"}],"up":[{"embeddable":true,"href":"https:\/\/www.medjugorjehotelspa.com\/es\/wp-json\/wp\/v2\/pages\/4844"}],"wp:attachment":[{"href":"https:\/\/www.medjugorjehotelspa.com\/es\/wp-json\/wp\/v2\/media?parent=4826"}],"curies":[{"name":"wp","href":"https:\/\/api.w.org\/{rel}","templated":true}]}}