{"id":4819,"date":"2016-12-06T18:19:13","date_gmt":"2016-12-06T17:19:13","guid":{"rendered":"https:\/\/www.medjugorjehotelspa.com\/doppia-matrimoniale\/"},"modified":"2018-07-13T16:00:36","modified_gmt":"2018-07-13T14:00:36","slug":"habitacion-doble-matrimonial","status":"publish","type":"page","link":"https:\/\/www.medjugorjehotelspa.com\/es\/nuestras-habitaciones\/habitacion-doble-matrimonial\/","title":{"rendered":"Habitaci\u00f3n Doble y Matrimonial"},"content":{"rendered":"<section class=\"wpb-content-wrapper\"><p>[vc_row row_type=&#8221;row&#8221; use_row_as_full_screen_section=&#8221;no&#8221; type=&#8221;full_width&#8221; angled_section=&#8221;no&#8221; text_align=&#8221;left&#8221; background_image_as_pattern=&#8221;without_pattern&#8221; css_animation=&#8221;&#8221; bg_type=&#8221;image&#8221; parallax_style=&#8221;vcpb-default&#8221; bg_image_new=&#8221;id^472|url^https:\/\/www.medjugorjehotelspa.com\/wp-content\/uploads\/2016\/12\/D8E0082-copy.jpeg|caption^null|alt^null|title^_d8e0082-copy|description^null&#8221; bg_image_repeat=&#8221;no-repeat&#8221; parallax_content=&#8221;parallax_content_value&#8221; parallax_content_sense=&#8221;30&#8243; fadeout_row=&#8221;fadeout_row_value&#8221;][vc_column][vc_empty_space height=&#8221;65px&#8221;][vc_row_inner row_type=&#8221;row&#8221; type=&#8221;full_width&#8221; text_align=&#8221;left&#8221; css_animation=&#8221;&#8221;][vc_column_inner width=&#8221;1\/4&#8243;][\/vc_column_inner][vc_column_inner width=&#8221;1\/2&#8243; css=&#8221;.vc_custom_1480851364495{background-color: rgba(255,255,255,0.88) !important;*background-color: rgb(255,255,255) !important;}&#8221;][vc_column_text]<\/p>\n<h1 style=\"text-align: center;\">Habitaci\u00f3n Doble y Matrimonial<\/h1>\n<h2 style=\"text-align: center;\"><em>Alojamiento ideal para parejas<\/em><\/h2>\n<p>[\/vc_column_text][vc_empty_space][\/vc_column_inner][vc_column_inner width=&#8221;1\/4&#8243;][\/vc_column_inner][\/vc_row_inner][vc_empty_space height=&#8221;65px&#8221;][\/vc_column][\/vc_row][vc_row row_type=&#8221;row&#8221; use_row_as_full_screen_section=&#8221;no&#8221; type=&#8221;full_width&#8221; angled_section=&#8221;no&#8221; text_align=&#8221;left&#8221; background_image_as_pattern=&#8221;without_pattern&#8221; css_animation=&#8221;&#8221;][vc_column][vc_empty_space][\/vc_column][\/vc_row][vc_row row_type=&#8221;row&#8221; use_row_as_full_screen_section=&#8221;no&#8221; type=&#8221;grid&#8221; angled_section=&#8221;no&#8221; text_align=&#8221;left&#8221; background_image_as_pattern=&#8221;without_pattern&#8221; css_animation=&#8221;&#8221;][vc_column width=&#8221;1\/2&#8243;][vc_column_text]<\/p>\n<article>\n<h1>Habitaci\u00f3n doble y\u00a0 habitaci\u00f3n matrimonial\u00a0de Medjugorje Hotel &amp; Spa<\/h1>\n<p>&nbsp;<\/p>\n<p><em>Alojamiento ideal para parejas que deseen permanecer en Medjugorje durante su viaje a Bosnia y Herzegovina.<\/em><\/p>\n<p>&nbsp;<\/p>\n<section>\n<h2>La habitaci\u00f3n se utiliza como un doble (con 2 camas individuales) o habitaci\u00f3n de matrimonio,\u00a0equipado con todas las comodidades.<\/h2>\n<h2><\/h2>\n<ul title=\"Camere doppie e matrimoniali di Medjugorje Hotel &amp; Spa\">\n<li>N\u00famero de habitaciones dobles disponibles:<strong> 75<\/strong>.<\/li>\n<li>El Tama\u00f1o m\u00ednimo de la habitaci\u00f3n: <strong>25\u00a0m\u00b2<\/strong>.<\/li>\n<li>Camas: <strong>2 individuales<\/strong> o <strong>un de matrimonio<\/strong>.<\/li>\n<li><strong>C\u00f3modos colchones ortop\u00e9dicos <\/strong>en somier de l\u00e1minas.<\/li>\n<li><strong>Aislamiento ac\u00fastico<\/strong>.<\/li>\n<li><strong>Aire acondicionado<\/strong> con enfriamiento controlado y calefacci\u00f3n.<\/li>\n<li><strong>TV LCD<\/strong> con canales v\u00eda sat\u00e9lite.<\/li>\n<li><strong>Tel\u00e9fono<\/strong>.<\/li>\n<li><strong>Seguro<\/strong>.<\/li>\n<li><strong>Ba\u00f1o privado <\/strong>con ducha grande.<\/li>\n<li>Secador de pelo y art\u00edculos de aseo.<\/li>\n<li><strong>Armario<\/strong>.<\/li>\n<li>Servicio de despertador.<\/li>\n<li><strong>Wi-Fi gratuito<\/strong>.<\/li>\n<\/ul>\n<p>&nbsp;<\/p>\n<\/section>\n<\/article>\n<p>[\/vc_column_text][\/vc_column][vc_column width=&#8221;1\/2&#8243;][vc_single_image image=&#8221;413&#8243; img_size=&#8221;full&#8221; qode_css_animation=&#8221;&#8221;][vc_empty_space][vc_single_image image=&#8221;416&#8243; img_size=&#8221;full&#8221; qode_css_animation=&#8221;&#8221;][vc_empty_space][\/vc_column][\/vc_row][vc_row row_type=&#8221;row&#8221; use_row_as_full_screen_section=&#8221;no&#8221; type=&#8221;full_width&#8221; angled_section=&#8221;no&#8221; text_align=&#8221;left&#8221; background_image_as_pattern=&#8221;without_pattern&#8221; css_animation=&#8221;&#8221; css=&#8221;.vc_custom_1483634758028{margin-bottom: -70px !important;}&#8221;][vc_column][vc_row_inner row_type=&#8221;row&#8221; type=&#8221;full_width&#8221; text_align=&#8221;center&#8221; background_color=&#8221;#e5e5e5&#8243; css_animation=&#8221;&#8221;][vc_column_inner][vc_empty_space][vc_column_text]<\/p>\n<p style=\"text-align: center;\"><strong>Para sus vacaciones en Medjugorje y su visita a Bosnia y Herzegovina, elija <em>Medjugorje Hotel &amp; Spa<\/em>.<\/strong><\/p>\n<p>[\/vc_column_text][vc_empty_space]<a  itemprop=\"url\" href=\"https:\/\/www.medjugorjehotelspa.com\/es\/contacto\/\" target=\"_self\" data-hover-background-color=#cc9c2c data-hover-border-color=#cc9c2c data-hover-color=#ffffff class=\"qbutton  medium center default\" style=\"color: #ffffff; border-color: #cbaa5c; background-color: #cbaa5c;\">P\u00f3ngase en contacto para informaci\u00f3n y reservas<\/a>[vc_empty_space][vc_column_text]<\/p>\n<p style=\"text-align: center;\"><strong>O\u00a0reserve su habitaci\u00f3n directamente usando el formulario en la parte inferior de la pantalla.<\/strong><\/p>\n<p>[\/vc_column_text][vc_empty_space][\/vc_column_inner][\/vc_row_inner][\/vc_column][\/vc_row][vc_row row_type=&#8221;row&#8221; use_row_as_full_screen_section=&#8221;no&#8221; type=&#8221;full_width&#8221; angled_section=&#8221;no&#8221; text_align=&#8221;left&#8221; background_image_as_pattern=&#8221;without_pattern&#8221; css_animation=&#8221;&#8221; css=&#8221;.vc_custom_1483634758028{margin-bottom: -70px !important;}&#8221;][vc_column][vc_row_inner row_type=&#8221;row&#8221; type=&#8221;full_width&#8221; text_align=&#8221;left&#8221; css_animation=&#8221;&#8221;][vc_column_inner][vc_gallery type=&#8221;flexslider_slide&#8221; interval=&#8221;3&#8243; images=&#8221;469,472,459,416,417,418,419,434,435,411&#8243; img_size=&#8221;1920&#215;800&#8243; onclick=&#8221;&#8221;][\/vc_column_inner][\/vc_row_inner][\/vc_column][\/vc_row][vc_row row_type=&#8221;row&#8221; use_row_as_full_screen_section=&#8221;no&#8221; type=&#8221;grid&#8221; angled_section=&#8221;no&#8221; text_align=&#8221;left&#8221; background_image_as_pattern=&#8221;without_pattern&#8221; background_color=&#8221;#e5e5e5&#8243; css_animation=&#8221;&#8221;][vc_column][vc_empty_space height=&#8221;10px&#8221;][vc_column_text]<\/p>\n<h2 style=\"text-align: center;\">Ver otras salas de Medjugorje Hotel &amp; Spa<\/h2>\n<p style=\"text-align: center; font-size: 20px;\">Tipo de habitaci\u00f3n<\/p>\n<p>[\/vc_column_text][vc_empty_space height=&#8221;52px&#8221;][vc_row_inner row_type=&#8221;row&#8221; type=&#8221;full_width&#8221; text_align=&#8221;center&#8221; css_animation=&#8221;&#8221;][vc_column_inner width=&#8221;1\/3&#8243;]<div class=\"image_with_text\"><img decoding=\"async\" itemprop=\"image\" src=\"https:\/\/www.medjugorjehotelspa.com\/wp-content\/uploads\/2016\/12\/D8E0160-copy.jpeg\" alt=\"Habitaci\u00f3n triple\" \/><h2 style=\"color:#cc9c2e;\">Habitaci\u00f3n triple<\/h2><span style=\"margin: 6px 0px;\" class=\"separator transparent\"><\/span>Habitaci\u00f3n luminosa, amplia y c\u00f3moda con tres camas individuales, ba\u00f1o privado con amplia ducha, aire acondicionado, TV LCD con canales v\u00eda sat\u00e9lite.<\/div>[vc_empty_space height=&#8221;18px&#8221;]<a  itemprop=\"url\" href=\"https:\/\/www.medjugorjehotelspa.com\/es\/nuestras-habitaciones\/habitacion-triple\/\" target=\"_self\" data-hover-background-color=#cc9c2c data-hover-border-color=#cc9c2c data-hover-color=#ffffff class=\"qbutton  small center default\" style=\"color: #ffffff; border-color: #cbaa5c; background-color: #cbaa5c;\">VER HABITACI\u00d3N<\/a>[vc_empty_space height=&#8221;18px&#8221;][\/vc_column_inner][vc_column_inner width=&#8221;1\/3&#8243;]<div class=\"image_with_text\"><img decoding=\"async\" itemprop=\"image\" src=\"https:\/\/www.medjugorjehotelspa.com\/wp-content\/uploads\/2016\/12\/D8E0244-copy.jpeg\" alt=\"Suite\" \/><h2 style=\"color:#cc9c2e;\">Suite<\/h2><span style=\"margin: 6px 0px;\" class=\"separator transparent\"><\/span>Elegante\u00a0suite con una habitaci\u00f3n doble, sala de estar, ba\u00f1o privado con ducha extra grande, dos televisores, aire acondicionado, balc\u00f3n.<\/div>[vc_empty_space height=&#8221;18px&#8221;]<a  itemprop=\"url\" href=\"https:\/\/www.medjugorjehotelspa.com\/es\/nuestras-habitaciones\/suite\/\" target=\"_self\" data-hover-background-color=#cc9c2c data-hover-border-color=#cc9c2c data-hover-color=#ffffff class=\"qbutton  small center default\" style=\"color: #ffffff; border-color: #cbaa5c; background-color: #cbaa5c;\">VER HABITACI\u00d3N<\/a>[vc_empty_space height=&#8221;18px&#8221;][\/vc_column_inner][vc_column_inner width=&#8221;1\/3&#8243;]<div class=\"image_with_text\"><img decoding=\"async\" itemprop=\"image\" src=\"https:\/\/www.medjugorjehotelspa.com\/wp-content\/uploads\/2016\/12\/D8E0057-copy.jpeg\" alt=\"Habitaci\u00f3n para discapacitados\" \/><h2 style=\"color:#cc9c2e;\">Habitaci\u00f3n para discapacitados<\/h2><span style=\"margin: 6px 0px;\" class=\"separator transparent\"><\/span>Habitaci\u00f3n doble, grande y c\u00f3moda, con ba\u00f1o privado para personas de movilidad reducida.<\/div>[vc_empty_space height=&#8221;18px&#8221;]<a  itemprop=\"url\" href=\"https:\/\/www.medjugorjehotelspa.com\/es\/nuestras-habitaciones\/habitacion-para-discapacitados\/\" target=\"_self\" data-hover-background-color=#cc9c2c data-hover-border-color=#cc9c2c data-hover-color=#ffffff class=\"qbutton  small center default\" style=\"color: #ffffff; border-color: #cbaa5c; background-color: #cbaa5c;\">VER HABITACI\u00d3N<\/a>[vc_empty_space height=&#8221;18px&#8221;][\/vc_column_inner][\/vc_row_inner][vc_empty_space][\/vc_column][\/vc_row]<\/p>\n<\/section>","protected":false},"excerpt":{"rendered":"<p>[vc_row row_type=&#8221;row&#8221; use_row_as_full_screen_section=&#8221;no&#8221; type=&#8221;full_width&#8221; angled_section=&#8221;no&#8221; text_align=&#8221;left&#8221; background_image_as_pattern=&#8221;without_pattern&#8221; css_animation=&#8221;&#8221; bg_type=&#8221;image&#8221; parallax_style=&#8221;vcpb-default&#8221; bg_image_new=&#8221;id^472|url^https:\/\/www.medjugorjehotelspa.com\/wp-content\/uploads\/2016\/12\/D8E0082-copy.jpeg|caption^null|alt^null|title^_d8e0082-copy|description^null&#8221; bg_image_repeat=&#8221;no-repeat&#8221; parallax_content=&#8221;parallax_content_value&#8221; parallax_content_sense=&#8221;30&#8243; fadeout_row=&#8221;fadeout_row_value&#8221;][vc_column][vc_empty_space height=&#8221;65px&#8221;][vc_row_inner row_type=&#8221;row&#8221; type=&#8221;full_width&#8221; text_align=&#8221;left&#8221; css_animation=&#8221;&#8221;][vc_column_inner width=&#8221;1\/4&#8243;][\/vc_column_inner][vc_column_inner width=&#8221;1\/2&#8243; css=&#8221;.vc_custom_1480851364495{background-color: rgba(255,255,255,0.88) !important;*background-color: rgb(255,255,255) !important;}&#8221;][vc_column_text] Habitaci\u00f3n Doble y Matrimonial Alojamiento ideal para parejas [\/vc_column_text][vc_empty_space][\/vc_column_inner][vc_column_inner width=&#8221;1\/4&#8243;][\/vc_column_inner][\/vc_row_inner][vc_empty_space height=&#8221;65px&#8221;][\/vc_column][\/vc_row][vc_row row_type=&#8221;row&#8221; use_row_as_full_screen_section=&#8221;no&#8221; type=&#8221;full_width&#8221; angled_section=&#8221;no&#8221; text_align=&#8221;left&#8221; background_image_as_pattern=&#8221;without_pattern&#8221; css_animation=&#8221;&#8221;][vc_column][vc_empty_space][\/vc_column][\/vc_row][vc_row&#8230;<\/p>\n","protected":false},"author":3,"featured_media":0,"parent":4869,"menu_order":1,"comment_status":"closed","ping_status":"closed","template":"full_width.php","meta":{"footnotes":""},"yoast_head":"<!-- This site is optimized with the Yoast SEO plugin v22.8 - https:\/\/yoast.com\/wordpress\/plugins\/seo\/ -->\n<title>C\u00f3modas habitaciones dobles en Medjugorje | Medjugorje Hotel &amp; Spa<\/title>\n<meta name=\"description\" content=\"Descubra nuestras habitaciones dobles! Elegantes y espaciosas, equipadas con todas las comodidades: el mejor alojamiento para parejas en Medjugorje.\" \/>\n<meta name=\"robots\" content=\"index, follow, max-snippet:-1, max-image-preview:large, max-video-preview:-1\" \/>\n<link rel=\"canonical\" href=\"https:\/\/www.medjugorjehotelspa.com\/camere\/doppia-matrimoniale\/\" \/>\n<meta property=\"og:locale\" content=\"es_ES\" \/>\n<meta property=\"og:type\" content=\"article\" \/>\n<meta property=\"og:title\" content=\"C\u00f3modas habitaciones dobles en Medjugorje | Medjugorje Hotel &amp; Spa\" \/>\n<meta property=\"og:description\" content=\"Descubra nuestras habitaciones dobles! Elegantes y espaciosas, equipadas con todas las comodidades: el mejor alojamiento para parejas en Medjugorje.\" \/>\n<meta property=\"og:url\" content=\"https:\/\/www.medjugorjehotelspa.com\/camere\/doppia-matrimoniale\/\" \/>\n<meta property=\"og:site_name\" content=\"Medjugorje Hotel &amp; Spa\" \/>\n<meta property=\"article:modified_time\" content=\"2018-07-13T14:00:36+00:00\" \/>\n<meta name=\"twitter:card\" content=\"summary_large_image\" \/>\n<meta name=\"twitter:label1\" content=\"Est. reading time\" \/>\n\t<meta name=\"twitter:data1\" content=\"5 minutes\" \/>\n<script type=\"application\/ld+json\" class=\"yoast-schema-graph\">{\"@context\":\"https:\/\/schema.org\",\"@graph\":[{\"@type\":\"WebPage\",\"@id\":\"https:\/\/www.medjugorjehotelspa.com\/camere\/doppia-matrimoniale\/\",\"url\":\"https:\/\/www.medjugorjehotelspa.com\/camere\/doppia-matrimoniale\/\",\"name\":\"C\u00f3modas habitaciones dobles en Medjugorje | Medjugorje Hotel & Spa\",\"isPartOf\":{\"@id\":\"https:\/\/www.medjugorjehotelspa.com\/#website\"},\"datePublished\":\"2016-12-06T17:19:13+00:00\",\"dateModified\":\"2018-07-13T14:00:36+00:00\",\"description\":\"Descubra nuestras habitaciones dobles! Elegantes y espaciosas, equipadas con todas las comodidades: el mejor alojamiento para parejas en Medjugorje.\",\"breadcrumb\":{\"@id\":\"https:\/\/www.medjugorjehotelspa.com\/camere\/doppia-matrimoniale\/#breadcrumb\"},\"inLanguage\":\"es-ES\",\"potentialAction\":[{\"@type\":\"ReadAction\",\"target\":[\"https:\/\/www.medjugorjehotelspa.com\/camere\/doppia-matrimoniale\/\"]}]},{\"@type\":\"BreadcrumbList\",\"@id\":\"https:\/\/www.medjugorjehotelspa.com\/camere\/doppia-matrimoniale\/#breadcrumb\",\"itemListElement\":[{\"@type\":\"ListItem\",\"position\":1,\"name\":\"Home\",\"item\":\"https:\/\/www.medjugorjehotelspa.com\/es\/\"},{\"@type\":\"ListItem\",\"position\":2,\"name\":\"Nuestras habitaciones\",\"item\":\"https:\/\/www.medjugorjehotelspa.com\/camere\/\"},{\"@type\":\"ListItem\",\"position\":3,\"name\":\"Habitaci\u00f3n Doble y Matrimonial\"}]},{\"@type\":\"WebSite\",\"@id\":\"https:\/\/www.medjugorjehotelspa.com\/#website\",\"url\":\"https:\/\/www.medjugorjehotelspa.com\/\",\"name\":\"Medjugorje Hotel &amp; Spa\",\"description\":\"Hotel 4****S in Medjugorje\",\"potentialAction\":[{\"@type\":\"SearchAction\",\"target\":{\"@type\":\"EntryPoint\",\"urlTemplate\":\"https:\/\/www.medjugorjehotelspa.com\/?s={search_term_string}\"},\"query-input\":\"required name=search_term_string\"}],\"inLanguage\":\"es-ES\"}]}<\/script>\n<!-- \/ Yoast SEO plugin. -->","yoast_head_json":{"title":"C\u00f3modas habitaciones dobles en Medjugorje | Medjugorje Hotel & Spa","description":"Descubra nuestras habitaciones dobles! Elegantes y espaciosas, equipadas con todas las comodidades: el mejor alojamiento para parejas en Medjugorje.","robots":{"index":"index","follow":"follow","max-snippet":"max-snippet:-1","max-image-preview":"max-image-preview:large","max-video-preview":"max-video-preview:-1"},"canonical":"https:\/\/www.medjugorjehotelspa.com\/camere\/doppia-matrimoniale\/","og_locale":"es_ES","og_type":"article","og_title":"C\u00f3modas habitaciones dobles en Medjugorje | Medjugorje Hotel & Spa","og_description":"Descubra nuestras habitaciones dobles! Elegantes y espaciosas, equipadas con todas las comodidades: el mejor alojamiento para parejas en Medjugorje.","og_url":"https:\/\/www.medjugorjehotelspa.com\/camere\/doppia-matrimoniale\/","og_site_name":"Medjugorje Hotel &amp; Spa","article_modified_time":"2018-07-13T14:00:36+00:00","twitter_card":"summary_large_image","twitter_misc":{"Est. reading time":"5 minutes"},"schema":{"@context":"https:\/\/schema.org","@graph":[{"@type":"WebPage","@id":"https:\/\/www.medjugorjehotelspa.com\/camere\/doppia-matrimoniale\/","url":"https:\/\/www.medjugorjehotelspa.com\/camere\/doppia-matrimoniale\/","name":"C\u00f3modas habitaciones dobles en Medjugorje | Medjugorje Hotel & Spa","isPartOf":{"@id":"https:\/\/www.medjugorjehotelspa.com\/#website"},"datePublished":"2016-12-06T17:19:13+00:00","dateModified":"2018-07-13T14:00:36+00:00","description":"Descubra nuestras habitaciones dobles! Elegantes y espaciosas, equipadas con todas las comodidades: el mejor alojamiento para parejas en Medjugorje.","breadcrumb":{"@id":"https:\/\/www.medjugorjehotelspa.com\/camere\/doppia-matrimoniale\/#breadcrumb"},"inLanguage":"es-ES","potentialAction":[{"@type":"ReadAction","target":["https:\/\/www.medjugorjehotelspa.com\/camere\/doppia-matrimoniale\/"]}]},{"@type":"BreadcrumbList","@id":"https:\/\/www.medjugorjehotelspa.com\/camere\/doppia-matrimoniale\/#breadcrumb","itemListElement":[{"@type":"ListItem","position":1,"name":"Home","item":"https:\/\/www.medjugorjehotelspa.com\/es\/"},{"@type":"ListItem","position":2,"name":"Nuestras habitaciones","item":"https:\/\/www.medjugorjehotelspa.com\/camere\/"},{"@type":"ListItem","position":3,"name":"Habitaci\u00f3n Doble y Matrimonial"}]},{"@type":"WebSite","@id":"https:\/\/www.medjugorjehotelspa.com\/#website","url":"https:\/\/www.medjugorjehotelspa.com\/","name":"Medjugorje Hotel &amp; Spa","description":"Hotel 4****S in Medjugorje","potentialAction":[{"@type":"SearchAction","target":{"@type":"EntryPoint","urlTemplate":"https:\/\/www.medjugorjehotelspa.com\/?s={search_term_string}"},"query-input":"required name=search_term_string"}],"inLanguage":"es-ES"}]}},"_links":{"self":[{"href":"https:\/\/www.medjugorjehotelspa.com\/es\/wp-json\/wp\/v2\/pages\/4819"}],"collection":[{"href":"https:\/\/www.medjugorjehotelspa.com\/es\/wp-json\/wp\/v2\/pages"}],"about":[{"href":"https:\/\/www.medjugorjehotelspa.com\/es\/wp-json\/wp\/v2\/types\/page"}],"author":[{"embeddable":true,"href":"https:\/\/www.medjugorjehotelspa.com\/es\/wp-json\/wp\/v2\/users\/3"}],"replies":[{"embeddable":true,"href":"https:\/\/www.medjugorjehotelspa.com\/es\/wp-json\/wp\/v2\/comments?post=4819"}],"version-history":[{"count":1,"href":"https:\/\/www.medjugorjehotelspa.com\/es\/wp-json\/wp\/v2\/pages\/4819\/revisions"}],"predecessor-version":[{"id":5091,"href":"https:\/\/www.medjugorjehotelspa.com\/es\/wp-json\/wp\/v2\/pages\/4819\/revisions\/5091"}],"up":[{"embeddable":true,"href":"https:\/\/www.medjugorjehotelspa.com\/es\/wp-json\/wp\/v2\/pages\/4869"}],"wp:attachment":[{"href":"https:\/\/www.medjugorjehotelspa.com\/es\/wp-json\/wp\/v2\/media?parent=4819"}],"curies":[{"name":"wp","href":"https:\/\/api.w.org\/{rel}","templated":true}]}}