{"id":4794,"date":"2016-12-12T02:45:43","date_gmt":"2016-12-12T01:45:43","guid":{"rendered":"https:\/\/www.medjugorjehotelspa.com\/ristorante-ai-dogi\/"},"modified":"2021-10-15T18:22:11","modified_gmt":"2021-10-15T16:22:11","slug":"restaurante-ai-dogi","status":"publish","type":"page","link":"https:\/\/www.medjugorjehotelspa.com\/es\/restaurante-ai-dogi\/","title":{"rendered":"Restaurante Ai Dogi"},"content":{"rendered":"<section class=\"wpb-content-wrapper\"><p>[vc_row row_type=&#8221;row&#8221; use_row_as_full_screen_section=&#8221;no&#8221; type=&#8221;full_width&#8221; angled_section=&#8221;no&#8221; text_align=&#8221;left&#8221; background_image_as_pattern=&#8221;without_pattern&#8221; css_animation=&#8221;&#8221; bg_type=&#8221;image&#8221; parallax_style=&#8221;vcpb-vz-jquery&#8221; bg_image_new=&#8221;id^561|url^https:\/\/www.medjugorjehotelspa.com\/wp-content\/uploads\/2016\/12\/Ristorante-Ai-Dogi-11_mini.jpg|caption^null|alt^null|title^Ristorante-Ai-Dogi-11_mini|description^null&#8221; bg_image_repeat=&#8221;no-repeat&#8221; parallax_content=&#8221;parallax_content_value&#8221; parallax_content_sense=&#8221;30&#8243; fadeout_row=&#8221;fadeout_row_value&#8221;][vc_column][vc_empty_space height=&#8221;85px&#8221;][vc_row_inner row_type=&#8221;row&#8221; type=&#8221;full_width&#8221; text_align=&#8221;left&#8221; css_animation=&#8221;&#8221;][vc_column_inner width=&#8221;1\/4&#8243;][\/vc_column_inner][vc_column_inner width=&#8221;1\/2&#8243; css=&#8221;.vc_custom_1483626763214{background-color: rgba(255,255,255,0.88) !important;*background-color: rgb(255,255,255) !important;}&#8221;][vc_column_text]<\/p>\n<h1 style=\"text-align: center;\">Restaurante Ai Dogi<\/h1>\n<h2 style=\"text-align: center;\"><em>Especialidades de Italia, Bosnia-Herzegovina y Dalmacia<\/em><\/h2>\n<p>[\/vc_column_text][vc_empty_space][\/vc_column_inner][vc_column_inner width=&#8221;1\/4&#8243;][\/vc_column_inner][\/vc_row_inner][vc_empty_space height=&#8221;85px&#8221;][\/vc_column][\/vc_row][vc_row row_type=&#8221;row&#8221; use_row_as_full_screen_section=&#8221;no&#8221; type=&#8221;full_width&#8221; angled_section=&#8221;no&#8221; text_align=&#8221;left&#8221; background_image_as_pattern=&#8221;without_pattern&#8221; css_animation=&#8221;&#8221;][vc_column][vc_empty_space][\/vc_column][\/vc_row][vc_row row_type=&#8221;row&#8221; use_row_as_full_screen_section=&#8221;no&#8221; type=&#8221;grid&#8221; angled_section=&#8221;no&#8221; text_align=&#8221;left&#8221; background_image_as_pattern=&#8221;without_pattern&#8221; css_animation=&#8221;&#8221;][vc_column width=&#8221;1\/2&#8243;][vc_row_inner row_type=&#8221;row&#8221; type=&#8221;full_width&#8221; text_align=&#8221;left&#8221; css_animation=&#8221;&#8221;][vc_column_inner css=&#8221;.vc_custom_1481500395637{padding-top: 12px !important;padding-right: 12px !important;padding-bottom: 12px !important;padding-left: 12px !important;background-color: #efefef !important;}&#8221;]<div class=\"q_icon_list\"><i class=\"qode_icon_font_awesome fa fa-clock-o qode-ili-icon-holder transparent\" style=\"font-size: 30px;color: #707070;\" ><\/i><p style=\"color:#707070;font-size: 20px;\">LO SIENTO, YA EST\u00c1 CERRADO<\/p><\/div>[vc_column_text]<\/p>\n<p style=\"text-align: left;\">Informamos a nuestros queridos clientes que el restaurante Ai Dogi se encuentra actualmente cerrado.<\/p>\n<p>[\/vc_column_text][\/vc_column_inner][\/vc_row_inner][vc_empty_space][vc_column_text]<\/p>\n<article>\n<h1 data-fontsize=\"46\" data-lineheight=\"51\">Ai Dogi:\u00a0nuestro restaurante a la carta<\/h1>\n<p><em>Si se encuentra en Bosnia-Herzegovina, disfrute de la buena cocina y de los buenos vinos del restaurante a la carta de Medjugorje Hotel &amp; Spa.<br \/>\nAi Dogi tambi\u00e9n est\u00e1 abierto a los hu\u00e9spedes externos.<\/em><\/p>\n<p>&nbsp;<\/p>\n<p><em><strong>Ai Dogi\u00a0<\/strong><\/em>es\u00a0el restaurante a la carta\u00a0de <em><strong>Medjugorje Hotel &amp; Spa<\/strong><\/em>, donde se encontrar\u00e1 con una gran selecci\u00f3n de especialidades culinarias, todos ellos preparados en una <strong>cocina abierta<\/strong>, y excelentes vinos.<\/p>\n<p>&nbsp;<\/p>\n<p>Nuestro men\u00fa ofrece sabrosas interpretaciones de la <strong>tradici\u00f3n mediterr\u00e1nea<\/strong>: cocina italiana, de Bosnia-Herzegovina y Dalmacia; platos de pasta, gnocchi y risotto; carne y pescado a la parrilla; una buena <strong>pizza cocinada en un horno de le\u00f1a<\/strong>. Tambi\u00e9n tenemos una <strong>carta de vinos<\/strong> para acompa\u00f1ar sus <strong>almuerzos<\/strong> y <strong>cenas<\/strong> de la mejor manera.<\/p>\n<p>El restaurante <em>Ai Dogi<\/em> est\u00e1 amueblado de una <strong>manera fresca, elegante e informal<\/strong>, por lo que es adecuado para <strong>todas las ocasiones<\/strong>: almuerzos de negocios, reuniones con amigos, fiestas, banquetes ceremoniales y cenas rom\u00e1nticas. El gusto, la amabilidad y la b\u00fasqueda de excelentes materias primas son nuestra tarjeta de presentaci\u00f3n: \u00a1te estamos esperando!<\/p>\n<\/article>\n<p>[\/vc_column_text][vc_empty_space][\/vc_column][vc_column width=&#8221;1\/2&#8243;][vc_single_image image=&#8221;3722&#8243; img_size=&#8221;full&#8221; qode_css_animation=&#8221;&#8221;][vc_empty_space height=&#8221;40px&#8221;][vc_single_image image=&#8221;3710&#8243; img_size=&#8221;full&#8221; qode_css_animation=&#8221;&#8221;][vc_empty_space][\/vc_column][\/vc_row][vc_row row_type=&#8221;row&#8221; use_row_as_full_screen_section=&#8221;no&#8221; type=&#8221;grid&#8221; angled_section=&#8221;no&#8221; text_align=&#8221;left&#8221; background_image_as_pattern=&#8221;without_pattern&#8221; background_color=&#8221;#efefef&#8221; css_animation=&#8221;&#8221;][vc_column][vc_empty_space][vc_column_text]<\/p>\n<h3 style=\"text-align: center;\"><span style=\"color: #333333;\">Cont\u00e1ctenos para reservar una mesa en el restaurante <em>Ai Dogi<\/em>.<\/span><\/h3>\n<h3 style=\"text-align: center;\"><span style=\"color: #333333;\">Nuestro personal est\u00e1 a su disposici\u00f3n para proporcionarle toda la informaci\u00f3n que necesita. <\/span><\/h3>\n<p>[\/vc_column_text][vc_row_inner row_type=&#8221;row&#8221; type=&#8221;full_width&#8221; text_align=&#8221;center&#8221; css_animation=&#8221;&#8221;][vc_column_inner css=&#8221;.vc_custom_1481508039994{padding-top: 12px !important;padding-right: 12px !important;padding-bottom: 12px !important;padding-left: 12px !important;}&#8221;][vc_empty_space height=&#8221;20px&#8221;]<a  itemprop=\"url\" href=\"https:\/\/www.medjugorjehotelspa.com\/es\/contacto\/\" target=\"_self\" data-hover-background-color=#cc9c2c data-hover-border-color=#cc9c2c data-hover-color=#ffffff class=\"qbutton  medium center default\" style=\"color: #ffffff; border-color: #cbaa5c; background-color: #cbaa5c;\">Cont\u00e1ctanos para reservaciones e informaci\u00f3n<\/a>[\/vc_column_inner][\/vc_row_inner][vc_empty_space][\/vc_column][\/vc_row][vc_row row_type=&#8221;row&#8221; use_row_as_full_screen_section=&#8221;no&#8221; type=&#8221;full_width&#8221; angled_section=&#8221;no&#8221; text_align=&#8221;left&#8221; background_image_as_pattern=&#8221;without_pattern&#8221; css_animation=&#8221;&#8221;][vc_column][vc_empty_space][vc_column_text]<\/p>\n<h2 style=\"text-align: center;\">Especialidades del restaurante Ai Dogi<\/h2>\n<p>[\/vc_column_text][vc_empty_space][vc_row_inner row_type=&#8221;row&#8221; type=&#8221;full_width&#8221; text_align=&#8221;left&#8221; side_padding=&#8221;5&#8243; css_animation=&#8221;&#8221;][vc_column_inner width=&#8221;1\/3&#8243;][vc_single_image image=&#8221;3746&#8243; img_size=&#8221;full&#8221; alignment=&#8221;center&#8221; qode_css_animation=&#8221;&#8221;][vc_empty_space][vc_column_text]<\/p>\n<h2 style=\"text-align: center;\" data-fontsize=\"46\" data-lineheight=\"51\"><span style=\"color: #808080;\">Restaurante a la carta<\/span><\/h2>\n<p>[\/vc_column_text][vc_empty_space height=&#8221;15px&#8221;][vc_column_text]<\/p>\n<p style=\"text-align: center;\" data-fontsize=\"46\" data-lineheight=\"51\">Especialidades italianas, de Bosnia y Herzegovina y Dalmacia, pasta, risotto y gnocchi: todo preparado de acuerdo con la tradici\u00f3n mediterr\u00e1nea.<\/p>\n<p>[\/vc_column_text][\/vc_column_inner][vc_column_inner width=&#8221;1\/3&#8243;][vc_single_image image=&#8221;3738&#8243; img_size=&#8221;full&#8221; alignment=&#8221;center&#8221; qode_css_animation=&#8221;&#8221;][vc_empty_space][vc_column_text]<\/p>\n<h2 style=\"text-align: center;\" data-fontsize=\"46\" data-lineheight=\"51\"><span style=\"color: #808080;\">Carne y pescado a la parrilla<\/span><\/h2>\n<p>[\/vc_column_text][vc_empty_space height=&#8221;15px&#8221;][vc_column_text]<\/p>\n<p style=\"text-align: center;\" data-fontsize=\"46\" data-lineheight=\"51\">Carnes caseras, pescados del mar adri\u00e1tico con platos de verduras: asados en una barbacoa tradicional.<\/p>\n<p>[\/vc_column_text][\/vc_column_inner][vc_column_inner width=&#8221;1\/3&#8243;][vc_single_image image=&#8221;3742&#8243; img_size=&#8221;full&#8221; alignment=&#8221;center&#8221; qode_css_animation=&#8221;&#8221;][vc_empty_space][vc_column_text]<\/p>\n<h2 style=\"text-align: center;\" data-fontsize=\"46\" data-lineheight=\"51\"><span style=\"color: #808080;\">Pizza cocinada en horno de le\u00f1a<\/span><\/h2>\n<p>[\/vc_column_text][vc_empty_space height=&#8221;15px&#8221;][vc_column_text]<\/p>\n<p style=\"text-align: center;\" data-fontsize=\"46\" data-lineheight=\"51\">Agua, harina, levadura, tomate, mozzarella, aceite y un horno de le\u00f1a: el gusto y la tradici\u00f3n est\u00e1n hechos de pasi\u00f3n y cosas simples.<\/p>\n<p>[\/vc_column_text][\/vc_column_inner][\/vc_row_inner][\/vc_column][\/vc_row][vc_row row_type=&#8221;row&#8221; use_row_as_full_screen_section=&#8221;no&#8221; type=&#8221;full_width&#8221; angled_section=&#8221;no&#8221; text_align=&#8221;left&#8221; background_image_as_pattern=&#8221;without_pattern&#8221; css_animation=&#8221;&#8221;][vc_column][vc_empty_space][\/vc_column][\/vc_row][vc_row row_type=&#8221;row&#8221; use_row_as_full_screen_section=&#8221;no&#8221; type=&#8221;full_width&#8221; angled_section=&#8221;no&#8221; text_align=&#8221;left&#8221; background_image_as_pattern=&#8221;without_pattern&#8221; css_animation=&#8221;&#8221;][vc_column][vc_row_inner row_type=&#8221;row&#8221; type=&#8221;full_width&#8221; text_align=&#8221;left&#8221; css_animation=&#8221;&#8221;][vc_column_inner][vc_gallery type=&#8221;flexslider_slide&#8221; interval=&#8221;3&#8243; images=&#8221;3722,3718,3710,3706&#8243; img_size=&#8221;1920&#215;800&#8243; onclick=&#8221;&#8221;][\/vc_column_inner][\/vc_row_inner][\/vc_column][\/vc_row][vc_row row_type=&#8221;row&#8221; use_row_as_full_screen_section=&#8221;no&#8221; type=&#8221;full_width&#8221; angled_section=&#8221;no&#8221; text_align=&#8221;left&#8221; background_image_as_pattern=&#8221;without_pattern&#8221; css_animation=&#8221;&#8221;][vc_column][vc_row_inner row_type=&#8221;row&#8221; type=&#8221;grid&#8221; text_align=&#8221;left&#8221; css_animation=&#8221;&#8221;][vc_column_inner][vc_column_text]<\/p>\n<h2 style=\"text-align: center;\" data-fontsize=\"26\" data-lineheight=\"44\">Descubre la sabrosa tradici\u00f3n local<\/h2>\n<p>[\/vc_column_text][vc_column_text]<\/p>\n<h3 style=\"text-align: center;\" data-fontsize=\"26\" data-lineheight=\"44\"><span style=\"color: #000000;\">Adem\u00e1s de las especialidades de la cocina italiana, preparadas con cuidado por nuestro chef, en el restaurante Ai Dogi disfrutar\u00e1 sabrosos platos de la tradici\u00f3n local que estamos seguros deleitar\u00e1n su paladar. Aqu\u00ed hay algunos platos t\u00edpicos de Bosnia y Herzegovina.<\/span><\/h3>\n<p>[\/vc_column_text][\/vc_column_inner][\/vc_row_inner][vc_empty_space][vc_row_inner row_type=&#8221;row&#8221; type=&#8221;grid&#8221; text_align=&#8221;left&#8221; css_animation=&#8221;&#8221;][vc_column_inner width=&#8221;2\/3&#8243; css=&#8221;.vc_custom_1483628723248{background-color: #efefef !important;}&#8221;][vc_column_text]<\/p>\n<h2>\u0106evap\u010di\u0107i<\/h2>\n<p>Son alb\u00f3ndigas cil\u00edndricas hechas de carne de res y cordero picada finamente y aderezadas con sal, especias y hierbas. Muy sabrosos, son a la parrilla y servidos con cebolla picada, ajvar (salsa picante a base de pimientos rojos) o con el kajmak (crema de queso t\u00edpica de los Balcanes).[\/vc_column_text][vc_empty_space height=&#8221;42px&#8221;][\/vc_column_inner][vc_column_inner width=&#8221;1\/3&#8243;][vc_single_image image=&#8221;3766&#8243; img_size=&#8221;full&#8221; alignment=&#8221;right&#8221; qode_css_animation=&#8221;&#8221;][\/vc_column_inner][\/vc_row_inner][vc_empty_space][vc_row_inner row_type=&#8221;row&#8221; type=&#8221;grid&#8221; text_align=&#8221;left&#8221; css_animation=&#8221;&#8221;][vc_column_inner width=&#8221;2\/3&#8243; css=&#8221;.vc_custom_1483628723248{background-color: #efefef !important;}&#8221;][vc_column_text]<\/p>\n<h2>Peka<\/h2>\n<p>Peka es una pesada tapa tradicional (en hierro fundido o terracota) que se usa para cocinar bajo las brasas como lo fue una vez. Lo preparamos con ternera, cordero o pulpo, junto con patatas y verduras, obteniendo un delicioso plato que literalmente se derrite en la boca. \u00a1No te lo puedes perder, recuerda reservarlo![\/vc_column_text][vc_empty_space height=&#8221;42px&#8221;][\/vc_column_inner][vc_column_inner width=&#8221;1\/3&#8243;][vc_single_image image=&#8221;3774&#8243; img_size=&#8221;full&#8221; alignment=&#8221;right&#8221; qode_css_animation=&#8221;&#8221;][\/vc_column_inner][\/vc_row_inner][vc_empty_space][vc_row_inner row_type=&#8221;row&#8221; type=&#8221;grid&#8221; text_align=&#8221;left&#8221; css_animation=&#8221;&#8221;][vc_column_inner width=&#8221;2\/3&#8243; css=&#8221;.vc_custom_1483628723248{background-color: #efefef !important;}&#8221;][vc_column_text]<\/p>\n<h2>Ra\u017enji\u0107i<\/h2>\n<p>Brochetas de cerdo servido con verduras y ajvar la parrilla (una salsa picante de pimientos rojos). A menudo se sirven junto con \u0107evap\u010di\u0107i y carne mixta a la parrilla, otro plato t\u00edpico de estas \u00e1reas rico en carne sabrosa.[\/vc_column_text][vc_empty_space height=&#8221;65px&#8221;][\/vc_column_inner][vc_column_inner width=&#8221;1\/3&#8243;][vc_single_image image=&#8221;3770&#8243; img_size=&#8221;full&#8221; alignment=&#8221;right&#8221; qode_css_animation=&#8221;&#8221;][\/vc_column_inner][\/vc_row_inner][vc_empty_space][vc_row_inner row_type=&#8221;row&#8221; type=&#8221;grid&#8221; text_align=&#8221;left&#8221; css_animation=&#8221;&#8221;][vc_column_inner width=&#8221;2\/3&#8243; css=&#8221;.vc_custom_1483628723248{background-color: #efefef !important;}&#8221;][vc_column_text]<\/p>\n<h2>Carta de Vinos<\/h2>\n<p>Una gran selecci\u00f3n de vinos internacionales y nacionales de alta calidad como \u017dilavka (Blanco) o Blatina (Negro). Bosnia y Herzegovina es un pa\u00eds famoso por la calidad de los vinos aut\u00f3ctonos.[\/vc_column_text][vc_empty_space height=&#8221;65px&#8221;][\/vc_column_inner][vc_column_inner width=&#8221;1\/3&#8243;][vc_single_image image=&#8221;3782&#8243; img_size=&#8221;full&#8221; alignment=&#8221;right&#8221; qode_css_animation=&#8221;&#8221;][\/vc_column_inner][\/vc_row_inner][vc_empty_space][\/vc_column][\/vc_row][vc_row row_type=&#8221;row&#8221; use_row_as_full_screen_section=&#8221;no&#8221; type=&#8221;full_width&#8221; angled_section=&#8221;no&#8221; text_align=&#8221;left&#8221; background_image_as_pattern=&#8221;without_pattern&#8221; css_animation=&#8221;&#8221;][vc_column][vc_column_text]<\/p>\n<p>[\/vc_column_text][\/vc_column][\/vc_row]<\/p>\n<\/section>","protected":false},"excerpt":{"rendered":"<p>[vc_row row_type=&#8221;row&#8221; use_row_as_full_screen_section=&#8221;no&#8221; type=&#8221;full_width&#8221; angled_section=&#8221;no&#8221; text_align=&#8221;left&#8221; background_image_as_pattern=&#8221;without_pattern&#8221; css_animation=&#8221;&#8221; bg_type=&#8221;image&#8221; parallax_style=&#8221;vcpb-vz-jquery&#8221; bg_image_new=&#8221;id^561|url^https:\/\/www.medjugorjehotelspa.com\/wp-content\/uploads\/2016\/12\/Ristorante-Ai-Dogi-11_mini.jpg|caption^null|alt^null|title^Ristorante-Ai-Dogi-11_mini|description^null&#8221; bg_image_repeat=&#8221;no-repeat&#8221; parallax_content=&#8221;parallax_content_value&#8221; parallax_content_sense=&#8221;30&#8243; fadeout_row=&#8221;fadeout_row_value&#8221;][vc_column][vc_empty_space height=&#8221;85px&#8221;][vc_row_inner row_type=&#8221;row&#8221; type=&#8221;full_width&#8221; text_align=&#8221;left&#8221; css_animation=&#8221;&#8221;][vc_column_inner width=&#8221;1\/4&#8243;][\/vc_column_inner][vc_column_inner width=&#8221;1\/2&#8243; css=&#8221;.vc_custom_1483626763214{background-color: rgba(255,255,255,0.88) !important;*background-color: rgb(255,255,255) !important;}&#8221;][vc_column_text] Restaurante Ai Dogi Especialidades de Italia, Bosnia-Herzegovina y Dalmacia [\/vc_column_text][vc_empty_space][\/vc_column_inner][vc_column_inner width=&#8221;1\/4&#8243;][\/vc_column_inner][\/vc_row_inner][vc_empty_space height=&#8221;85px&#8221;][\/vc_column][\/vc_row][vc_row row_type=&#8221;row&#8221; use_row_as_full_screen_section=&#8221;no&#8221; type=&#8221;full_width&#8221; angled_section=&#8221;no&#8221; text_align=&#8221;left&#8221; background_image_as_pattern=&#8221;without_pattern&#8221;&#8230;<\/p>\n","protected":false},"author":3,"featured_media":0,"parent":0,"menu_order":0,"comment_status":"closed","ping_status":"closed","template":"full_width.php","meta":{"footnotes":""},"yoast_head":"<!-- This site is optimized with the Yoast SEO plugin v22.8 - https:\/\/yoast.com\/wordpress\/plugins\/seo\/ -->\n<title>Restaurante Ai Dogi | Medjugorje Hotel &amp; Spa<\/title>\n<meta name=\"description\" content=\"Restaurante Ai Dogi: especialidades de Italia, Bosnia-Herzegovina y Dalmacia, platos de carne y pescado a la parrilla, y una deliciosa pizza. Reserve aqu\u00ed!\" \/>\n<meta name=\"robots\" content=\"index, follow, max-snippet:-1, max-image-preview:large, max-video-preview:-1\" \/>\n<link rel=\"canonical\" href=\"https:\/\/www.medjugorjehotelspa.com\/ristorante-ai-dogi\/\" \/>\n<meta property=\"og:locale\" content=\"es_ES\" \/>\n<meta property=\"og:type\" content=\"article\" \/>\n<meta property=\"og:title\" content=\"Restaurante Ai Dogi | Medjugorje Hotel &amp; Spa\" \/>\n<meta property=\"og:description\" content=\"Restaurante Ai Dogi: especialidades de Italia, Bosnia-Herzegovina y Dalmacia, platos de carne y pescado a la parrilla, y una deliciosa pizza. Reserve aqu\u00ed!\" \/>\n<meta property=\"og:url\" content=\"https:\/\/www.medjugorjehotelspa.com\/ristorante-ai-dogi\/\" \/>\n<meta property=\"og:site_name\" content=\"Medjugorje Hotel &amp; Spa\" \/>\n<meta property=\"article:modified_time\" content=\"2021-10-15T16:22:11+00:00\" \/>\n<meta name=\"twitter:card\" content=\"summary_large_image\" \/>\n<meta name=\"twitter:label1\" content=\"Est. reading time\" \/>\n\t<meta name=\"twitter:data1\" content=\"9 minutes\" \/>\n<script type=\"application\/ld+json\" class=\"yoast-schema-graph\">{\"@context\":\"https:\/\/schema.org\",\"@graph\":[{\"@type\":\"WebPage\",\"@id\":\"https:\/\/www.medjugorjehotelspa.com\/ristorante-ai-dogi\/\",\"url\":\"https:\/\/www.medjugorjehotelspa.com\/ristorante-ai-dogi\/\",\"name\":\"Restaurante Ai Dogi | Medjugorje Hotel &amp; Spa\",\"isPartOf\":{\"@id\":\"https:\/\/www.medjugorjehotelspa.com\/#website\"},\"datePublished\":\"2016-12-12T01:45:43+00:00\",\"dateModified\":\"2021-10-15T16:22:11+00:00\",\"description\":\"Restaurante Ai Dogi: especialidades de Italia, Bosnia-Herzegovina y Dalmacia, platos de carne y pescado a la parrilla, y una deliciosa pizza. Reserve aqu\u00ed!\",\"breadcrumb\":{\"@id\":\"https:\/\/www.medjugorjehotelspa.com\/ristorante-ai-dogi\/#breadcrumb\"},\"inLanguage\":\"es-ES\",\"potentialAction\":[{\"@type\":\"ReadAction\",\"target\":[\"https:\/\/www.medjugorjehotelspa.com\/ristorante-ai-dogi\/\"]}]},{\"@type\":\"BreadcrumbList\",\"@id\":\"https:\/\/www.medjugorjehotelspa.com\/ristorante-ai-dogi\/#breadcrumb\",\"itemListElement\":[{\"@type\":\"ListItem\",\"position\":1,\"name\":\"Home\",\"item\":\"https:\/\/www.medjugorjehotelspa.com\/es\/\"},{\"@type\":\"ListItem\",\"position\":2,\"name\":\"Restaurante Ai Dogi\"}]},{\"@type\":\"WebSite\",\"@id\":\"https:\/\/www.medjugorjehotelspa.com\/#website\",\"url\":\"https:\/\/www.medjugorjehotelspa.com\/\",\"name\":\"Medjugorje Hotel &amp; Spa\",\"description\":\"Hotel 4****S in Medjugorje\",\"potentialAction\":[{\"@type\":\"SearchAction\",\"target\":{\"@type\":\"EntryPoint\",\"urlTemplate\":\"https:\/\/www.medjugorjehotelspa.com\/?s={search_term_string}\"},\"query-input\":\"required name=search_term_string\"}],\"inLanguage\":\"es-ES\"}]}<\/script>\n<!-- \/ Yoast SEO plugin. -->","yoast_head_json":{"title":"Restaurante Ai Dogi | Medjugorje Hotel &amp; Spa","description":"Restaurante Ai Dogi: especialidades de Italia, Bosnia-Herzegovina y Dalmacia, platos de carne y pescado a la parrilla, y una deliciosa pizza. Reserve aqu\u00ed!","robots":{"index":"index","follow":"follow","max-snippet":"max-snippet:-1","max-image-preview":"max-image-preview:large","max-video-preview":"max-video-preview:-1"},"canonical":"https:\/\/www.medjugorjehotelspa.com\/ristorante-ai-dogi\/","og_locale":"es_ES","og_type":"article","og_title":"Restaurante Ai Dogi | Medjugorje Hotel &amp; Spa","og_description":"Restaurante Ai Dogi: especialidades de Italia, Bosnia-Herzegovina y Dalmacia, platos de carne y pescado a la parrilla, y una deliciosa pizza. Reserve aqu\u00ed!","og_url":"https:\/\/www.medjugorjehotelspa.com\/ristorante-ai-dogi\/","og_site_name":"Medjugorje Hotel &amp; Spa","article_modified_time":"2021-10-15T16:22:11+00:00","twitter_card":"summary_large_image","twitter_misc":{"Est. reading time":"9 minutes"},"schema":{"@context":"https:\/\/schema.org","@graph":[{"@type":"WebPage","@id":"https:\/\/www.medjugorjehotelspa.com\/ristorante-ai-dogi\/","url":"https:\/\/www.medjugorjehotelspa.com\/ristorante-ai-dogi\/","name":"Restaurante Ai Dogi | Medjugorje Hotel &amp; Spa","isPartOf":{"@id":"https:\/\/www.medjugorjehotelspa.com\/#website"},"datePublished":"2016-12-12T01:45:43+00:00","dateModified":"2021-10-15T16:22:11+00:00","description":"Restaurante Ai Dogi: especialidades de Italia, Bosnia-Herzegovina y Dalmacia, platos de carne y pescado a la parrilla, y una deliciosa pizza. Reserve aqu\u00ed!","breadcrumb":{"@id":"https:\/\/www.medjugorjehotelspa.com\/ristorante-ai-dogi\/#breadcrumb"},"inLanguage":"es-ES","potentialAction":[{"@type":"ReadAction","target":["https:\/\/www.medjugorjehotelspa.com\/ristorante-ai-dogi\/"]}]},{"@type":"BreadcrumbList","@id":"https:\/\/www.medjugorjehotelspa.com\/ristorante-ai-dogi\/#breadcrumb","itemListElement":[{"@type":"ListItem","position":1,"name":"Home","item":"https:\/\/www.medjugorjehotelspa.com\/es\/"},{"@type":"ListItem","position":2,"name":"Restaurante Ai Dogi"}]},{"@type":"WebSite","@id":"https:\/\/www.medjugorjehotelspa.com\/#website","url":"https:\/\/www.medjugorjehotelspa.com\/","name":"Medjugorje Hotel &amp; Spa","description":"Hotel 4****S in Medjugorje","potentialAction":[{"@type":"SearchAction","target":{"@type":"EntryPoint","urlTemplate":"https:\/\/www.medjugorjehotelspa.com\/?s={search_term_string}"},"query-input":"required name=search_term_string"}],"inLanguage":"es-ES"}]}},"_links":{"self":[{"href":"https:\/\/www.medjugorjehotelspa.com\/es\/wp-json\/wp\/v2\/pages\/4794"}],"collection":[{"href":"https:\/\/www.medjugorjehotelspa.com\/es\/wp-json\/wp\/v2\/pages"}],"about":[{"href":"https:\/\/www.medjugorjehotelspa.com\/es\/wp-json\/wp\/v2\/types\/page"}],"author":[{"embeddable":true,"href":"https:\/\/www.medjugorjehotelspa.com\/es\/wp-json\/wp\/v2\/users\/3"}],"replies":[{"embeddable":true,"href":"https:\/\/www.medjugorjehotelspa.com\/es\/wp-json\/wp\/v2\/comments?post=4794"}],"version-history":[{"count":4,"href":"https:\/\/www.medjugorjehotelspa.com\/es\/wp-json\/wp\/v2\/pages\/4794\/revisions"}],"predecessor-version":[{"id":5905,"href":"https:\/\/www.medjugorjehotelspa.com\/es\/wp-json\/wp\/v2\/pages\/4794\/revisions\/5905"}],"wp:attachment":[{"href":"https:\/\/www.medjugorjehotelspa.com\/es\/wp-json\/wp\/v2\/media?parent=4794"}],"curies":[{"name":"wp","href":"https:\/\/api.w.org\/{rel}","templated":true}]}}