{"id":4792,"date":"2016-12-12T02:45:43","date_gmt":"2016-12-12T01:45:43","guid":{"rendered":"https:\/\/www.medjugorjehotelspa.com\/ristorante-ai-dogi\/"},"modified":"2021-10-13T18:42:13","modified_gmt":"2021-10-13T16:42:13","slug":"ai-dogi-restaurant","status":"publish","type":"page","link":"https:\/\/www.medjugorjehotelspa.com\/en\/ai-dogi-restaurant\/","title":{"rendered":"Ai Dogi restaurant"},"content":{"rendered":"<div class=\"wpb-content-wrapper\"><p>[vc_row row_type=&#8221;row&#8221; use_row_as_full_screen_section=&#8221;no&#8221; type=&#8221;full_width&#8221; angled_section=&#8221;no&#8221; text_align=&#8221;left&#8221; background_image_as_pattern=&#8221;without_pattern&#8221; css_animation=&#8221;&#8221; bg_type=&#8221;image&#8221; parallax_style=&#8221;vcpb-vz-jquery&#8221; bg_image_new=&#8221;id^561|url^https:\/\/www.medjugorjehotelspa.com\/wp-content\/uploads\/2016\/12\/Ristorante-Ai-Dogi-11_mini.jpg|caption^null|alt^null|title^Ristorante-Ai-Dogi-11_mini|description^null&#8221; bg_image_repeat=&#8221;no-repeat&#8221; parallax_content=&#8221;parallax_content_value&#8221; parallax_content_sense=&#8221;30&#8243; fadeout_row=&#8221;fadeout_row_value&#8221;][vc_column][vc_empty_space height=&#8221;85px&#8221;][vc_row_inner row_type=&#8221;row&#8221; type=&#8221;full_width&#8221; text_align=&#8221;left&#8221; css_animation=&#8221;&#8221;][vc_column_inner width=&#8221;1\/4&#8243;][\/vc_column_inner][vc_column_inner width=&#8221;1\/2&#8243; css=&#8221;.vc_custom_1483626763214{background-color: rgba(255,255,255,0.88) !important;*background-color: rgb(255,255,255) !important;}&#8221;][vc_column_text]<\/p>\n<h1 style=\"text-align: center;\">Ai Dogi restaurant<\/h1>\n<h2 style=\"text-align: center;\"><em>Dishes from Italy, Bosnia-Herzegovina and\u00a0Dalmatia<\/em><\/h2>\n<p>[\/vc_column_text][vc_empty_space][\/vc_column_inner][vc_column_inner width=&#8221;1\/4&#8243;][\/vc_column_inner][\/vc_row_inner][vc_empty_space height=&#8221;85px&#8221;][\/vc_column][\/vc_row][vc_row row_type=&#8221;row&#8221; use_row_as_full_screen_section=&#8221;no&#8221; type=&#8221;full_width&#8221; angled_section=&#8221;no&#8221; text_align=&#8221;left&#8221; background_image_as_pattern=&#8221;without_pattern&#8221; css_animation=&#8221;&#8221;][vc_column][vc_empty_space][\/vc_column][\/vc_row][vc_row row_type=&#8221;row&#8221; use_row_as_full_screen_section=&#8221;no&#8221; type=&#8221;grid&#8221; angled_section=&#8221;no&#8221; text_align=&#8221;left&#8221; background_image_as_pattern=&#8221;without_pattern&#8221; css_animation=&#8221;&#8221;][vc_column width=&#8221;1\/2&#8243;][vc_row_inner row_type=&#8221;row&#8221; type=&#8221;full_width&#8221; text_align=&#8221;left&#8221; css_animation=&#8221;&#8221;][vc_column_inner css=&#8221;.vc_custom_1481500395637{padding-top: 12px !important;padding-right: 12px !important;padding-bottom: 12px !important;padding-left: 12px !important;background-color: #efefef !important;}&#8221;]<div class=\"q_icon_list\"><i class=\"qode_icon_font_awesome fa fa-clock-o qode-ili-icon-holder transparent\" style=\"font-size: 30px;color: #707070;\" ><\/i><p style=\"color:#707070;font-size: 20px;\">SORRY, WE ARE CLOSED<\/p><\/div>[vc_column_text]We inform our kind customers that Ai Dogi restaurant is currently closed.[\/vc_column_text][\/vc_column_inner][\/vc_row_inner][vc_empty_space][vc_column_text]<\/p>\n<h1>Ai Dogi: our \u00e0 la carte\u00a0restaurant<\/h1>\n<p>&nbsp;<\/p>\n<p><em>If you are visiting Bosnia-Erzegovina come to Ai Dogi restaurant, to taste our delicious cuisine and our good wines.<br \/>\nAi Dogi is open also to outside guests.<\/em><\/p>\n<p>&nbsp;<\/p>\n<p><strong><em>Ai Dogi\u00a0<\/em><\/strong>is the <em>\u00e0 la carte<\/em> restaurant at <em><strong>Medjugorje Hotel &amp; Spa\u00a0<\/strong><\/em>where you will find a wide choice of specialities, all of them cooked in a <strong>open-view kitchen<\/strong>.<\/p>\n<p>&nbsp;<\/p>\n<p>Our menu comprises tasty interpretations of the <strong>Mediterranenan tradition<\/strong>, such as dishes from Italy, Bosnia-Herzegovina and Dalmatia: <strong>pasta, gnocchi and risotti, grilled meat, grilled fish<\/strong>, and a wonderful <strong>pizza<\/strong> cooked in a wood-fired oven. We also have a <strong>wide wine list<\/strong>, where to choose the best wines to pair with your lunches or dinners.<\/p>\n<p>&nbsp;<\/p>\n<p>Ai Dogi restaurant is an <strong>informal, yet elegant ambience<\/strong>, hence it is the right places for every occasion: business lunches, romantic dinners, friend reunions, parties, celebrations. <strong>Taste, courtesy and excellent ingredients<\/strong> are our business card: we are waiting for you![\/vc_column_text][vc_empty_space][vc_empty_space][\/vc_column][vc_column width=&#8221;1\/2&#8243;][vc_single_image image=&#8221;3720&#8243; img_size=&#8221;full&#8221; qode_css_animation=&#8221;&#8221;][vc_empty_space height=&#8221;58px&#8221;][vc_single_image image=&#8221;3708&#8243; img_size=&#8221;full&#8221; qode_css_animation=&#8221;&#8221;][vc_empty_space][\/vc_column][\/vc_row][vc_row row_type=&#8221;row&#8221; use_row_as_full_screen_section=&#8221;no&#8221; type=&#8221;grid&#8221; angled_section=&#8221;no&#8221; text_align=&#8221;left&#8221; background_image_as_pattern=&#8221;without_pattern&#8221; background_color=&#8221;#efefef&#8221; css_animation=&#8221;&#8221;][vc_column][vc_empty_space][vc_column_text]<\/p>\n<h3 style=\"text-align: center;\"><span style=\"color: #333333;\">Contact us to reserve a table or the hall (for parties and celebrations) at <em>Ai Dogi<\/em> restaurant.<\/span><\/h3>\n<h3 style=\"text-align: center;\"><span style=\"color: #333333;\">Our staff is at your disposal for any information you need.<\/span><\/h3>\n<p>[\/vc_column_text][vc_row_inner row_type=&#8221;row&#8221; type=&#8221;full_width&#8221; text_align=&#8221;center&#8221; css_animation=&#8221;&#8221;][vc_column_inner css=&#8221;.vc_custom_1481508039994{padding-top: 12px !important;padding-right: 12px !important;padding-bottom: 12px !important;padding-left: 12px !important;}&#8221;][vc_empty_space height=&#8221;20px&#8221;]<a  itemprop=\"url\" href=\"https:\/\/www.medjugorjehotelspa.com\/en\/contact\" target=\"_self\" data-hover-background-color=#cc9c2c data-hover-border-color=#cc9c2c data-hover-color=#ffffff class=\"qbutton  medium center default\" style=\"color: #ffffff; border-color: #cbaa5c; background-color: #cbaa5c;\">Contact us for reservations and information<\/a>[\/vc_column_inner][\/vc_row_inner][vc_empty_space][\/vc_column][\/vc_row][vc_row row_type=&#8221;row&#8221; use_row_as_full_screen_section=&#8221;no&#8221; type=&#8221;full_width&#8221; angled_section=&#8221;no&#8221; text_align=&#8221;left&#8221; background_image_as_pattern=&#8221;without_pattern&#8221; css_animation=&#8221;&#8221;][vc_column][vc_empty_space][vc_column_text]<\/p>\n<h2 style=\"text-align: center;\">Specialities of <em>Ai Dogi<\/em> restaurant<\/h2>\n<p>[\/vc_column_text][vc_empty_space][vc_row_inner row_type=&#8221;row&#8221; type=&#8221;full_width&#8221; text_align=&#8221;left&#8221; side_padding=&#8221;5&#8243; css_animation=&#8221;&#8221;][vc_column_inner width=&#8221;1\/3&#8243;][vc_single_image image=&#8221;3744&#8243; img_size=&#8221;full&#8221; alignment=&#8221;center&#8221; qode_css_animation=&#8221;&#8221;][vc_empty_space][vc_column_text]<\/p>\n<h2 style=\"text-align: center;\" data-fontsize=\"46\" data-lineheight=\"51\"><span style=\"color: #808080;\">\u00c0 la carte restaurant<\/span><\/h2>\n<p>[\/vc_column_text][vc_empty_space height=&#8221;15px&#8221;][vc_column_text]<\/p>\n<p style=\"text-align: center;\" data-fontsize=\"46\" data-lineheight=\"51\">SDishes from Italy, Bosnia-Herzegovina and Dalmatia, pasta, gnocchi, risotti: all of them prepared following the Mediterranean tradition.<\/p>\n<p>[\/vc_column_text][\/vc_column_inner][vc_column_inner width=&#8221;1\/3&#8243;][vc_single_image image=&#8221;3736&#8243; img_size=&#8221;full&#8221; alignment=&#8221;center&#8221; qode_css_animation=&#8221;&#8221;][vc_empty_space][vc_column_text]<\/p>\n<h2 style=\"text-align: center;\" data-fontsize=\"46\" data-lineheight=\"51\"><span style=\"color: #808080;\">Grilled meat and fish<\/span><\/h2>\n<p>[\/vc_column_text][vc_empty_space height=&#8221;15px&#8221;][vc_column_text]<\/p>\n<p style=\"text-align: center;\" data-fontsize=\"46\" data-lineheight=\"51\">Meat from Bosnia-Herzegovina, fish from the Adriatic Sea and vegetables, grilled to perfection and following the tradition.<\/p>\n<p>[\/vc_column_text][\/vc_column_inner][vc_column_inner width=&#8221;1\/3&#8243;][vc_single_image image=&#8221;3740&#8243; img_size=&#8221;full&#8221; alignment=&#8221;center&#8221; qode_css_animation=&#8221;&#8221;][vc_empty_space][vc_column_text]<\/p>\n<h2 style=\"text-align: center;\" data-fontsize=\"46\" data-lineheight=\"51\"><span style=\"color: #808080;\">Pizza cooked with\u00a0wood fire<\/span><\/h2>\n<p>[\/vc_column_text][vc_empty_space height=&#8221;15px&#8221;][vc_column_text]<\/p>\n<p style=\"text-align: center;\" data-fontsize=\"46\" data-lineheight=\"51\">Water, flour, yeast, tomatoes, mozzarella (fresh, white Italian cheese), oil and a wood-fired oven: taste and tradition are made of sinple things.<\/p>\n<p>[\/vc_column_text][\/vc_column_inner][\/vc_row_inner][\/vc_column][\/vc_row][vc_row row_type=&#8221;row&#8221; use_row_as_full_screen_section=&#8221;no&#8221; type=&#8221;full_width&#8221; angled_section=&#8221;no&#8221; text_align=&#8221;left&#8221; background_image_as_pattern=&#8221;without_pattern&#8221; css_animation=&#8221;&#8221;][vc_column][vc_empty_space][\/vc_column][\/vc_row][vc_row row_type=&#8221;row&#8221; use_row_as_full_screen_section=&#8221;no&#8221; type=&#8221;full_width&#8221; angled_section=&#8221;no&#8221; text_align=&#8221;left&#8221; background_image_as_pattern=&#8221;without_pattern&#8221; css_animation=&#8221;&#8221;][vc_column][vc_row_inner row_type=&#8221;row&#8221; type=&#8221;full_width&#8221; text_align=&#8221;left&#8221; css_animation=&#8221;&#8221;][vc_column_inner][vc_gallery type=&#8221;flexslider_slide&#8221; interval=&#8221;3&#8243; images=&#8221;3720,3716,3708,3704&#8243; img_size=&#8221;1920&#215;800&#8243; onclick=&#8221;&#8221;][\/vc_column_inner][\/vc_row_inner][\/vc_column][\/vc_row][vc_row row_type=&#8221;row&#8221; use_row_as_full_screen_section=&#8221;no&#8221; type=&#8221;full_width&#8221; angled_section=&#8221;no&#8221; text_align=&#8221;left&#8221; background_image_as_pattern=&#8221;without_pattern&#8221; css_animation=&#8221;&#8221;][vc_column][vc_row_inner row_type=&#8221;row&#8221; type=&#8221;grid&#8221; text_align=&#8221;left&#8221; css_animation=&#8221;&#8221;][vc_column_inner][vc_column_text]<\/p>\n<h2 style=\"text-align: center;\" data-fontsize=\"26\" data-lineheight=\"44\">Discover the savoury local tradition<\/h2>\n<p>[\/vc_column_text][vc_column_text]<\/p>\n<h3 style=\"text-align: center;\" data-fontsize=\"26\" data-lineheight=\"44\"><span style=\"color: #000000;\">Besides the Italian cuisine, prepared with passion by our Chef, at Ai Dogi restaurant you will find savoury local dishes which will delight your mouth. Let&#8217;s see some typical specialities from Bosnia-Herzegovina.<\/span><\/h3>\n<p>[\/vc_column_text][\/vc_column_inner][\/vc_row_inner][vc_empty_space][vc_row_inner row_type=&#8221;row&#8221; type=&#8221;grid&#8221; text_align=&#8221;left&#8221; css_animation=&#8221;&#8221;][vc_column_inner width=&#8221;2\/3&#8243; css=&#8221;.vc_custom_1483628723248{background-color: #efefef !important;}&#8221;][vc_column_text]<\/p>\n<h2>\u0106evap\u010di\u0107i<\/h2>\n<p>These are grilled cylindrical meatballs, prepared with minced beef and lamb meat, and seasoned with salt, spices and herbs. They are served with chopped onions, ajvar (a spicy sauce made with red peppers) or kajmak (typical Balkan cheese cream).[\/vc_column_text][vc_empty_space height=&#8221;65px&#8221;][\/vc_column_inner][vc_column_inner width=&#8221;1\/3&#8243;][vc_single_image image=&#8221;3764&#8243; img_size=&#8221;full&#8221; alignment=&#8221;right&#8221; qode_css_animation=&#8221;&#8221;][\/vc_column_inner][\/vc_row_inner][vc_empty_space][vc_row_inner row_type=&#8221;row&#8221; type=&#8221;grid&#8221; text_align=&#8221;left&#8221; css_animation=&#8221;&#8221;][vc_column_inner width=&#8221;2\/3&#8243; css=&#8221;.vc_custom_1483628723248{background-color: #efefef !important;}&#8221;][vc_column_text]<\/p>\n<h2>Peka<\/h2>\n<p>Peka is the name of a traditional, heavy lid (made of cast iron or terracotta) which is used for cooking in embers, as it was common in the past. We prepare this dish with veal, lamb or octopus, togheter with potatoes and other vegetables: the outcome is a delicious food which literally melts in your mouth. Please notice that you have to book your peka![\/vc_column_text][vc_empty_space height=&#8221;42px&#8221;][\/vc_column_inner][vc_column_inner width=&#8221;1\/3&#8243;][vc_single_image image=&#8221;3772&#8243; img_size=&#8221;full&#8221; alignment=&#8221;right&#8221; qode_css_animation=&#8221;&#8221;][\/vc_column_inner][\/vc_row_inner][vc_empty_space][vc_row_inner row_type=&#8221;row&#8221; type=&#8221;grid&#8221; text_align=&#8221;left&#8221; css_animation=&#8221;&#8221;][vc_column_inner width=&#8221;2\/3&#8243; css=&#8221;.vc_custom_1483628723248{background-color: #efefef !important;}&#8221;][vc_column_text]<\/p>\n<h2>Ra\u017enji\u0107i<\/h2>\n<p>They are grilled pork skewers, serves with vegetables and ajvar (a spicy sauce made with red peppers). Often they are served together with \u0107evap\u010di\u0107i and mixed grilled meat, another traditional dish of our Land.[\/vc_column_text][vc_empty_space height=&#8221;65px&#8221;][\/vc_column_inner][vc_column_inner width=&#8221;1\/3&#8243;][vc_single_image image=&#8221;3768&#8243; img_size=&#8221;full&#8221; alignment=&#8221;right&#8221; qode_css_animation=&#8221;&#8221;][\/vc_column_inner][\/vc_row_inner][vc_empty_space][vc_row_inner row_type=&#8221;row&#8221; type=&#8221;grid&#8221; text_align=&#8221;left&#8221; css_animation=&#8221;&#8221;][vc_column_inner width=&#8221;2\/3&#8243; css=&#8221;.vc_custom_1483628723248{background-color: #efefef !important;}&#8221;][vc_column_text]<\/p>\n<h2>Wine list<\/h2>\n<p>We have a wide selection of excellent local wines, as for example the \u017dilavka (white) or the Blatina (red). Bosnia-Herzegovina if renowned for the quality of its wines, produced with native grape varieties.[\/vc_column_text][vc_empty_space height=&#8221;90px&#8221;][\/vc_column_inner][vc_column_inner width=&#8221;1\/3&#8243;][vc_single_image image=&#8221;3780&#8243; img_size=&#8221;full&#8221; alignment=&#8221;right&#8221; qode_css_animation=&#8221;&#8221;][\/vc_column_inner][\/vc_row_inner][vc_empty_space][\/vc_column][\/vc_row]<\/p>\n<\/div>","protected":false},"excerpt":{"rendered":"<p>[vc_row row_type=&#8221;row&#8221; use_row_as_full_screen_section=&#8221;no&#8221; type=&#8221;full_width&#8221; angled_section=&#8221;no&#8221; text_align=&#8221;left&#8221; background_image_as_pattern=&#8221;without_pattern&#8221; css_animation=&#8221;&#8221; bg_type=&#8221;image&#8221; parallax_style=&#8221;vcpb-vz-jquery&#8221; bg_image_new=&#8221;id^561|url^https:\/\/www.medjugorjehotelspa.com\/wp-content\/uploads\/2016\/12\/Ristorante-Ai-Dogi-11_mini.jpg|caption^null|alt^null|title^Ristorante-Ai-Dogi-11_mini|description^null&#8221; bg_image_repeat=&#8221;no-repeat&#8221; parallax_content=&#8221;parallax_content_value&#8221; parallax_content_sense=&#8221;30&#8243; fadeout_row=&#8221;fadeout_row_value&#8221;][vc_column][vc_empty_space height=&#8221;85px&#8221;][vc_row_inner row_type=&#8221;row&#8221; type=&#8221;full_width&#8221; text_align=&#8221;left&#8221; css_animation=&#8221;&#8221;][vc_column_inner width=&#8221;1\/4&#8243;][\/vc_column_inner][vc_column_inner width=&#8221;1\/2&#8243; css=&#8221;.vc_custom_1483626763214{background-color: rgba(255,255,255,0.88) !important;*background-color: rgb(255,255,255) !important;}&#8221;][vc_column_text] Ai Dogi restaurant Dishes from Italy, Bosnia-Herzegovina and\u00a0Dalmatia [\/vc_column_text][vc_empty_space][\/vc_column_inner][vc_column_inner width=&#8221;1\/4&#8243;][\/vc_column_inner][\/vc_row_inner][vc_empty_space height=&#8221;85px&#8221;][\/vc_column][\/vc_row][vc_row row_type=&#8221;row&#8221; use_row_as_full_screen_section=&#8221;no&#8221; type=&#8221;full_width&#8221; angled_section=&#8221;no&#8221; text_align=&#8221;left&#8221; background_image_as_pattern=&#8221;without_pattern&#8221; css_animation=&#8221;&#8221;][vc_column][vc_empty_space][\/vc_column][\/vc_row][vc_row&#8230;<\/p>\n","protected":false},"author":3,"featured_media":0,"parent":0,"menu_order":0,"comment_status":"closed","ping_status":"closed","template":"full_width.php","meta":{"footnotes":""},"class_list":["post-4792","page","type-page","status-publish","hentry"],"yoast_head":"<!-- This site is optimized with the Yoast SEO plugin v27.5 - https:\/\/yoast.com\/product\/yoast-seo-wordpress\/ -->\n<title>Ai Dogi restaurant: good cuisine in Medjugorje | Medjugorje Hotel &amp; Spa<\/title>\n<meta name=\"description\" content=\"Discover Ai Dogi, our \u00e0 la carte restaurent, where you will find tasty dishes from Italy, Bosnia and Dalmatia, including pizza cooked with with wood fire.\" \/>\n<meta name=\"robots\" content=\"index, follow, max-snippet:-1, max-image-preview:large, max-video-preview:-1\" \/>\n<link rel=\"canonical\" href=\"https:\/\/www.medjugorjehotelspa.com\/ristorante-ai-dogi\/\" \/>\n<meta property=\"og:locale\" content=\"en_US\" \/>\n<meta property=\"og:type\" content=\"article\" \/>\n<meta property=\"og:title\" content=\"Ai Dogi restaurant: good cuisine in Medjugorje | Medjugorje Hotel &amp; Spa\" \/>\n<meta property=\"og:description\" content=\"Discover Ai Dogi, our \u00e0 la carte restaurent, where you will find tasty dishes from Italy, Bosnia and Dalmatia, including pizza cooked with with wood fire.\" \/>\n<meta property=\"og:url\" content=\"https:\/\/www.medjugorjehotelspa.com\/ristorante-ai-dogi\/\" \/>\n<meta property=\"og:site_name\" content=\"Medjugorje Hotel &amp; Spa\" \/>\n<meta property=\"article:modified_time\" content=\"2021-10-13T16:42:13+00:00\" \/>\n<meta name=\"twitter:card\" content=\"summary_large_image\" \/>\n<meta name=\"twitter:label1\" content=\"Est. reading time\" \/>\n\t<meta name=\"twitter:data1\" content=\"8 minutes\" \/>\n<script type=\"application\/ld+json\" class=\"yoast-schema-graph\">{\"@context\":\"https:\\\/\\\/schema.org\",\"@graph\":[{\"@type\":\"WebPage\",\"@id\":\"https:\\\/\\\/www.medjugorjehotelspa.com\\\/ristorante-ai-dogi\\\/\",\"url\":\"https:\\\/\\\/www.medjugorjehotelspa.com\\\/ristorante-ai-dogi\\\/\",\"name\":\"Ai Dogi restaurant: good cuisine in Medjugorje | Medjugorje Hotel & Spa\",\"isPartOf\":{\"@id\":\"https:\\\/\\\/www.medjugorjehotelspa.com\\\/#website\"},\"datePublished\":\"2016-12-12T01:45:43+00:00\",\"dateModified\":\"2021-10-13T16:42:13+00:00\",\"description\":\"Discover Ai Dogi, our \u00e0 la carte restaurent, where you will find tasty dishes from Italy, Bosnia and Dalmatia, including pizza cooked with with wood fire.\",\"breadcrumb\":{\"@id\":\"https:\\\/\\\/www.medjugorjehotelspa.com\\\/ristorante-ai-dogi\\\/#breadcrumb\"},\"inLanguage\":\"en-US\",\"potentialAction\":[{\"@type\":\"ReadAction\",\"target\":[\"https:\\\/\\\/www.medjugorjehotelspa.com\\\/ristorante-ai-dogi\\\/\"]}]},{\"@type\":\"BreadcrumbList\",\"@id\":\"https:\\\/\\\/www.medjugorjehotelspa.com\\\/ristorante-ai-dogi\\\/#breadcrumb\",\"itemListElement\":[{\"@type\":\"ListItem\",\"position\":1,\"name\":\"Home\",\"item\":\"https:\\\/\\\/www.medjugorjehotelspa.com\\\/en\\\/\"},{\"@type\":\"ListItem\",\"position\":2,\"name\":\"Ai Dogi restaurant\"}]},{\"@type\":\"WebSite\",\"@id\":\"https:\\\/\\\/www.medjugorjehotelspa.com\\\/#website\",\"url\":\"https:\\\/\\\/www.medjugorjehotelspa.com\\\/\",\"name\":\"Medjugorje Hotel &amp; Spa\",\"description\":\"Hotel 4****S in Medjugorje\",\"potentialAction\":[{\"@type\":\"SearchAction\",\"target\":{\"@type\":\"EntryPoint\",\"urlTemplate\":\"https:\\\/\\\/www.medjugorjehotelspa.com\\\/?s={search_term_string}\"},\"query-input\":{\"@type\":\"PropertyValueSpecification\",\"valueRequired\":true,\"valueName\":\"search_term_string\"}}],\"inLanguage\":\"en-US\"}]}<\/script>\n<!-- \/ Yoast SEO plugin. -->","yoast_head_json":{"title":"Ai Dogi restaurant: good cuisine in Medjugorje | Medjugorje Hotel & Spa","description":"Discover Ai Dogi, our \u00e0 la carte restaurent, where you will find tasty dishes from Italy, Bosnia and Dalmatia, including pizza cooked with with wood fire.","robots":{"index":"index","follow":"follow","max-snippet":"max-snippet:-1","max-image-preview":"max-image-preview:large","max-video-preview":"max-video-preview:-1"},"canonical":"https:\/\/www.medjugorjehotelspa.com\/ristorante-ai-dogi\/","og_locale":"en_US","og_type":"article","og_title":"Ai Dogi restaurant: good cuisine in Medjugorje | Medjugorje Hotel & Spa","og_description":"Discover Ai Dogi, our \u00e0 la carte restaurent, where you will find tasty dishes from Italy, Bosnia and Dalmatia, including pizza cooked with with wood fire.","og_url":"https:\/\/www.medjugorjehotelspa.com\/ristorante-ai-dogi\/","og_site_name":"Medjugorje Hotel &amp; Spa","article_modified_time":"2021-10-13T16:42:13+00:00","twitter_card":"summary_large_image","twitter_misc":{"Est. reading time":"8 minutes"},"schema":{"@context":"https:\/\/schema.org","@graph":[{"@type":"WebPage","@id":"https:\/\/www.medjugorjehotelspa.com\/ristorante-ai-dogi\/","url":"https:\/\/www.medjugorjehotelspa.com\/ristorante-ai-dogi\/","name":"Ai Dogi restaurant: good cuisine in Medjugorje | Medjugorje Hotel & Spa","isPartOf":{"@id":"https:\/\/www.medjugorjehotelspa.com\/#website"},"datePublished":"2016-12-12T01:45:43+00:00","dateModified":"2021-10-13T16:42:13+00:00","description":"Discover Ai Dogi, our \u00e0 la carte restaurent, where you will find tasty dishes from Italy, Bosnia and Dalmatia, including pizza cooked with with wood fire.","breadcrumb":{"@id":"https:\/\/www.medjugorjehotelspa.com\/ristorante-ai-dogi\/#breadcrumb"},"inLanguage":"en-US","potentialAction":[{"@type":"ReadAction","target":["https:\/\/www.medjugorjehotelspa.com\/ristorante-ai-dogi\/"]}]},{"@type":"BreadcrumbList","@id":"https:\/\/www.medjugorjehotelspa.com\/ristorante-ai-dogi\/#breadcrumb","itemListElement":[{"@type":"ListItem","position":1,"name":"Home","item":"https:\/\/www.medjugorjehotelspa.com\/en\/"},{"@type":"ListItem","position":2,"name":"Ai Dogi restaurant"}]},{"@type":"WebSite","@id":"https:\/\/www.medjugorjehotelspa.com\/#website","url":"https:\/\/www.medjugorjehotelspa.com\/","name":"Medjugorje Hotel &amp; Spa","description":"Hotel 4****S in Medjugorje","potentialAction":[{"@type":"SearchAction","target":{"@type":"EntryPoint","urlTemplate":"https:\/\/www.medjugorjehotelspa.com\/?s={search_term_string}"},"query-input":{"@type":"PropertyValueSpecification","valueRequired":true,"valueName":"search_term_string"}}],"inLanguage":"en-US"}]}},"_links":{"self":[{"href":"https:\/\/www.medjugorjehotelspa.com\/en\/wp-json\/wp\/v2\/pages\/4792","targetHints":{"allow":["GET"]}}],"collection":[{"href":"https:\/\/www.medjugorjehotelspa.com\/en\/wp-json\/wp\/v2\/pages"}],"about":[{"href":"https:\/\/www.medjugorjehotelspa.com\/en\/wp-json\/wp\/v2\/types\/page"}],"author":[{"embeddable":true,"href":"https:\/\/www.medjugorjehotelspa.com\/en\/wp-json\/wp\/v2\/users\/3"}],"replies":[{"embeddable":true,"href":"https:\/\/www.medjugorjehotelspa.com\/en\/wp-json\/wp\/v2\/comments?post=4792"}],"version-history":[{"count":6,"href":"https:\/\/www.medjugorjehotelspa.com\/en\/wp-json\/wp\/v2\/pages\/4792\/revisions"}],"predecessor-version":[{"id":5898,"href":"https:\/\/www.medjugorjehotelspa.com\/en\/wp-json\/wp\/v2\/pages\/4792\/revisions\/5898"}],"wp:attachment":[{"href":"https:\/\/www.medjugorjehotelspa.com\/en\/wp-json\/wp\/v2\/media?parent=4792"}],"curies":[{"name":"wp","href":"https:\/\/api.w.org\/{rel}","templated":true}]}}